{"id":3977,"date":"2024-06-03T23:22:16","date_gmt":"2024-06-03T21:22:16","guid":{"rendered":"https:\/\/retinaclub.es\/auteurs\/"},"modified":"2026-04-16T00:02:16","modified_gmt":"2026-04-15T22:02:16","slug":"auteurs","status":"publish","type":"page","link":"https:\/\/retinaclub.es\/fr\/auteurs\/","title":{"rendered":"Auteurs"},"content":{"rendered":"\n<h2 class=\"wp-block-heading\">Co-auteurs<\/h2>\n\n<ul class=\"wp-block-list coautores__lista\">\n<li><strong>Jos\u00e9 Carlos Mart\u00edn Rodrigo<\/strong><br\/> H\u00f4pital universitaire Fondation Alcorc\u00f3n (Madrid)<\/li>\n\n\n\n<li><strong>Esther Cerd\u00e1n Hern\u00e1ndez<\/strong><br\/> H\u00f4pital universitaire Fondation Alcorc\u00f3n (Madrid)<\/li>\n\n\n\n<li><strong>Ricardo DE VEGA GARC\u00cdA<\/strong><br\/> H\u00f4pital universitaire Fondation Alcorc\u00f3n (Madrid)<\/li>\n\n\n\n<li><strong>Oscar FEBRERO FERN\u00c1NDEZ<\/strong><br\/> H\u00f4pital universitaire Fondation Alcorc\u00f3n (Madrid)<\/li>\n\n\n\n<li><strong>Caroline \u00c1lvarez Abreu<\/strong><br\/> H\u00f4pital universitaire Fondation Alcorc\u00f3n (Madrid)<\/li>\n\n\n\n<li><strong>Beatriz VENTAS-AYALA<\/strong><br\/> H\u00f4pital universitaire Ram\u00f3n y Cajal (Madrid)<\/li>\n\n\n\n<li><strong>Mercedes Serrador Garc\u00eda<\/strong><br\/> H\u00f4pital universitaire Ram\u00f3n y Cajal (Madrid)<\/li>\n\n\n\n<li><strong>Alfonso Sanjuan Benito-Reina<\/strong><br\/> H\u00f4pital universitaire Ram\u00f3n y Cajal (Madrid)<\/li>\n\n\n\n<li><strong>Pelayo GONZALEZ SECADES<\/strong><br\/> H\u00f4pital universitaire Ram\u00f3n y Cajal (Madrid)<\/li>\n\n\n\n<li><strong>Joaqu\u00edn Alonso Ciria<\/strong><br\/> H\u00f4pital universitaire Ram\u00f3n y Cajal (Madrid)<\/li>\n\n\n\n<li><strong>Cristina Garc\u00eda Tom\u00e1s<\/strong><br\/> H\u00f4pital universitaire Ram\u00f3n y Cajal (Madrid)<\/li>\n\n\n\n<li><strong>Mar\u00eda E. Arruza<\/strong><br\/> H\u00f4pital universitaire Ram\u00f3n y Cajal (Madrid)<\/li>\n\n\n\n<li><strong>\u00c1lvaro MART\u00cdN ARES<\/strong><br\/> H\u00f4pital universitaire Ram\u00f3n y Cajal (Madrid)<\/li>\n\n\n\n<li><strong>Javier Carceller Calvo<\/strong><br\/> H\u00f4pital universitaire Ram\u00f3n y Cajal (Madrid)<\/li>\n\n\n\n<li><strong>Carmen Soria Prada<\/strong><br\/> H\u00f4pital universitaire Ram\u00f3n y Cajal (Madrid)<\/li>\n\n\n\n<li><strong>Mar\u00eda Teresa Merino Diez<\/strong><br\/> H\u00f4pital universitaire Ram\u00f3n y Cajal (Madrid)<\/li>\n\n\n\n<li><strong>Tom\u00e1s VILLACAMPA MEN\u00c9NDEZ<\/strong><br\/> H\u00f4pital universitaire Ram\u00f3n y Cajal (Madrid)<\/li>\n\n\n\n<li><strong>\u00c1lvaro Escobar-Rivas<\/strong><br\/> H\u00f4pital universitaire Ram\u00f3n y Cajal (Madrid)<\/li>\n\n\n\n<li><strong>Catalina Navarro Palop<\/strong><br\/> H\u00f4pital g\u00e9n\u00e9ral universitaire de Valence<\/li>\n\n\n\n<li><strong>Clara Monferrer Adsuara<\/strong><br\/> H\u00f4pital universitaire g\u00e9n\u00e9ral de Valence<\/li>\n\n\n\n<li><strong>Lidia Remol\u00ed Sargues<\/strong><br\/> H\u00f4pital g\u00e9n\u00e9ral universitaire de Valence<\/li>\n\n\n\n<li><strong>Fort Paula Palomares<\/strong><br\/> H\u00f4pital g\u00e9n\u00e9ral universitaire de Valence<\/li>\n\n\n\n<li><strong>Marisa Hern\u00e1ndez Garfella<\/strong><br\/> H\u00f4pital universitaire g\u00e9n\u00e9ral de Valence<\/li>\n\n\n\n<li><strong>Laura Hernandez Bel<\/strong><br\/> H\u00f4pital g\u00e9n\u00e9ral universitaire de Valence<\/li>\n\n\n\n<li><strong>Nicol\u00e1s S\u00e1nchez Maluf<\/strong><br\/> Institut ophtalmologique Fern\u00e1ndez-Vega. Oviedo. <\/li>\n\n\n\n<li><strong>Laura Guti\u00e9rrez Benitez<\/strong><br\/> Consorci Sanitari de Terrassa (Barcelone)<\/li>\n\n\n\n<li><strong>Anabel Carreras Martinez<\/strong><br\/> Consorci Sanitari de Terrassa (Barcelone)<\/li>\n\n\n\n<li><strong>Mouafk Asaad Ammaar<\/strong><br\/> Consorci Sanitari de Terrassa (Barcelone)<\/li>\n\n\n\n<li><strong>Gloria Biarge Gallardo<\/strong><br\/> Consorci Sanitari de Terrassa (Barcelone)<\/li>\n\n\n\n<li><strong>Nidia Ruiz Moncl\u00fas<\/strong><br\/> Consorci Sanitari de Terrassa (Barcelone)<\/li>\n\n\n\n<li><strong>Anna Bruix Carretero<\/strong><br\/> Institut Universitaire Barraquer<\/li>\n\n\n\n<li><strong>Jorge LEON GARC\u00cdA<\/strong><br\/> H\u00f4pital universitaire Ram\u00f3n y Cajal (Madrid)<\/li>\n\n\n\n<li><strong>Carlos Moreno Pascual<\/strong><br\/> H\u00f4pital universitaire Ram\u00f3n y Cajal (Madrid)<\/li>\n\n\n\n<li><strong>Nicol\u00e1s Echeverr\u00eda Jimeno<\/strong><br\/> H\u00f4pital universitaire Ram\u00f3n y Cajal (Madrid)<\/li>\n\n\n\n<li><strong>B\u00e9atriz Rodriguez Aguado<\/strong><br\/> Consorci Sanitari de Terrassa (Barcelone)<\/li>\n\n\n\n<li><strong>Marta Vicente Antol\u00edn<\/strong><br\/> H\u00f4pital universitaire Ram\u00f3n y Cajal (Madrid)<\/li>\n<\/ul>\n\n<p><\/p>\n","protected":false},"excerpt":{"rendered":"<p>Co-auteurs<\/p>\n","protected":false},"author":1,"featured_media":0,"parent":0,"menu_order":0,"comment_status":"closed","ping_status":"closed","template":"template-autores.php","meta":{"footnotes":""},"class_list":["post-3977","page","type-page","status-publish","hentry"],"yoast_head":"<!-- This site is optimized with the Yoast SEO plugin v27.4 - https:\/\/yoast.com\/product\/yoast-seo-wordpress\/ -->\n<title>Auteurs - Retina Club<\/title>\n<meta name=\"robots\" content=\"index, follow, max-snippet:-1, max-image-preview:large, max-video-preview:-1\" \/>\n<link rel=\"canonical\" href=\"https:\/\/retinaclub.es\/fr\/auteurs\/\" \/>\n<meta property=\"og:locale\" content=\"fr_FR\" \/>\n<meta property=\"og:type\" content=\"article\" \/>\n<meta property=\"og:title\" content=\"Auteurs - Retina Club\" \/>\n<meta property=\"og:description\" content=\"Co-auteurs\" \/>\n<meta property=\"og:url\" content=\"https:\/\/retinaclub.es\/fr\/auteurs\/\" \/>\n<meta property=\"og:site_name\" content=\"Retina Club\" \/>\n<meta property=\"article:modified_time\" content=\"2026-04-15T22:02:16+00:00\" \/>\n<meta name=\"twitter:card\" content=\"summary_large_image\" \/>\n<meta name=\"twitter:label1\" content=\"Dur\u00e9e de lecture estim\u00e9e\" \/>\n\t<meta name=\"twitter:data1\" content=\"2 minutes\" \/>\n<script type=\"application\/ld+json\" class=\"yoast-schema-graph\">{\"@context\":\"https:\\\/\\\/schema.org\",\"@graph\":[{\"@type\":\"WebPage\",\"@id\":\"https:\\\/\\\/retinaclub.es\\\/fr\\\/auteurs\\\/\",\"url\":\"https:\\\/\\\/retinaclub.es\\\/fr\\\/auteurs\\\/\",\"name\":\"Auteurs - Retina Club\",\"isPartOf\":{\"@id\":\"https:\\\/\\\/retinaclub.es\\\/fr\\\/#website\"},\"datePublished\":\"2024-06-03T21:22:16+00:00\",\"dateModified\":\"2026-04-15T22:02:16+00:00\",\"breadcrumb\":{\"@id\":\"https:\\\/\\\/retinaclub.es\\\/fr\\\/auteurs\\\/#breadcrumb\"},\"inLanguage\":\"fr-FR\",\"potentialAction\":[{\"@type\":\"ReadAction\",\"target\":[\"https:\\\/\\\/retinaclub.es\\\/fr\\\/auteurs\\\/\"]}]},{\"@type\":\"BreadcrumbList\",\"@id\":\"https:\\\/\\\/retinaclub.es\\\/fr\\\/auteurs\\\/#breadcrumb\",\"itemListElement\":[{\"@type\":\"ListItem\",\"position\":1,\"name\":\"Portada\",\"item\":\"https:\\\/\\\/retinaclub.es\\\/fr\\\/commencer\\\/\"},{\"@type\":\"ListItem\",\"position\":2,\"name\":\"Auteurs\"}]},{\"@type\":\"WebSite\",\"@id\":\"https:\\\/\\\/retinaclub.es\\\/fr\\\/#website\",\"url\":\"https:\\\/\\\/retinaclub.es\\\/fr\\\/\",\"name\":\"Retina Club\",\"description\":\"\",\"publisher\":{\"@id\":\"https:\\\/\\\/retinaclub.es\\\/fr\\\/#organization\"},\"potentialAction\":[{\"@type\":\"SearchAction\",\"target\":{\"@type\":\"EntryPoint\",\"urlTemplate\":\"https:\\\/\\\/retinaclub.es\\\/fr\\\/?s={search_term_string}\"},\"query-input\":{\"@type\":\"PropertyValueSpecification\",\"valueRequired\":true,\"valueName\":\"search_term_string\"}}],\"inLanguage\":\"fr-FR\"},{\"@type\":\"Organization\",\"@id\":\"https:\\\/\\\/retinaclub.es\\\/fr\\\/#organization\",\"name\":\"Retina Club\",\"url\":\"https:\\\/\\\/retinaclub.es\\\/fr\\\/\",\"logo\":{\"@type\":\"ImageObject\",\"inLanguage\":\"fr-FR\",\"@id\":\"https:\\\/\\\/retinaclub.es\\\/fr\\\/#\\\/schema\\\/logo\\\/image\\\/\",\"url\":\"https:\\\/\\\/retinaclub.es\\\/wp-content\\\/uploads\\\/2024\\\/07\\\/cropped-favicon.png\",\"contentUrl\":\"https:\\\/\\\/retinaclub.es\\\/wp-content\\\/uploads\\\/2024\\\/07\\\/cropped-favicon.png\",\"width\":512,\"height\":512,\"caption\":\"Retina Club\"},\"image\":{\"@id\":\"https:\\\/\\\/retinaclub.es\\\/fr\\\/#\\\/schema\\\/logo\\\/image\\\/\"}}]}<\/script>\n<!-- \/ Yoast SEO plugin. -->","yoast_head_json":{"title":"Auteurs - Retina Club","robots":{"index":"index","follow":"follow","max-snippet":"max-snippet:-1","max-image-preview":"max-image-preview:large","max-video-preview":"max-video-preview:-1"},"canonical":"https:\/\/retinaclub.es\/fr\/auteurs\/","og_locale":"fr_FR","og_type":"article","og_title":"Auteurs - Retina Club","og_description":"Co-auteurs","og_url":"https:\/\/retinaclub.es\/fr\/auteurs\/","og_site_name":"Retina Club","article_modified_time":"2026-04-15T22:02:16+00:00","twitter_card":"summary_large_image","twitter_misc":{"Dur\u00e9e de lecture estim\u00e9e":"2 minutes"},"schema":{"@context":"https:\/\/schema.org","@graph":[{"@type":"WebPage","@id":"https:\/\/retinaclub.es\/fr\/auteurs\/","url":"https:\/\/retinaclub.es\/fr\/auteurs\/","name":"Auteurs - Retina Club","isPartOf":{"@id":"https:\/\/retinaclub.es\/fr\/#website"},"datePublished":"2024-06-03T21:22:16+00:00","dateModified":"2026-04-15T22:02:16+00:00","breadcrumb":{"@id":"https:\/\/retinaclub.es\/fr\/auteurs\/#breadcrumb"},"inLanguage":"fr-FR","potentialAction":[{"@type":"ReadAction","target":["https:\/\/retinaclub.es\/fr\/auteurs\/"]}]},{"@type":"BreadcrumbList","@id":"https:\/\/retinaclub.es\/fr\/auteurs\/#breadcrumb","itemListElement":[{"@type":"ListItem","position":1,"name":"Portada","item":"https:\/\/retinaclub.es\/fr\/commencer\/"},{"@type":"ListItem","position":2,"name":"Auteurs"}]},{"@type":"WebSite","@id":"https:\/\/retinaclub.es\/fr\/#website","url":"https:\/\/retinaclub.es\/fr\/","name":"Retina Club","description":"","publisher":{"@id":"https:\/\/retinaclub.es\/fr\/#organization"},"potentialAction":[{"@type":"SearchAction","target":{"@type":"EntryPoint","urlTemplate":"https:\/\/retinaclub.es\/fr\/?s={search_term_string}"},"query-input":{"@type":"PropertyValueSpecification","valueRequired":true,"valueName":"search_term_string"}}],"inLanguage":"fr-FR"},{"@type":"Organization","@id":"https:\/\/retinaclub.es\/fr\/#organization","name":"Retina Club","url":"https:\/\/retinaclub.es\/fr\/","logo":{"@type":"ImageObject","inLanguage":"fr-FR","@id":"https:\/\/retinaclub.es\/fr\/#\/schema\/logo\/image\/","url":"https:\/\/retinaclub.es\/wp-content\/uploads\/2024\/07\/cropped-favicon.png","contentUrl":"https:\/\/retinaclub.es\/wp-content\/uploads\/2024\/07\/cropped-favicon.png","width":512,"height":512,"caption":"Retina Club"},"image":{"@id":"https:\/\/retinaclub.es\/fr\/#\/schema\/logo\/image\/"}}]}},"_links":{"self":[{"href":"https:\/\/retinaclub.es\/fr\/wp-json\/wp\/v2\/pages\/3977","targetHints":{"allow":["GET"]}}],"collection":[{"href":"https:\/\/retinaclub.es\/fr\/wp-json\/wp\/v2\/pages"}],"about":[{"href":"https:\/\/retinaclub.es\/fr\/wp-json\/wp\/v2\/types\/page"}],"author":[{"embeddable":true,"href":"https:\/\/retinaclub.es\/fr\/wp-json\/wp\/v2\/users\/1"}],"replies":[{"embeddable":true,"href":"https:\/\/retinaclub.es\/fr\/wp-json\/wp\/v2\/comments?post=3977"}],"version-history":[{"count":1,"href":"https:\/\/retinaclub.es\/fr\/wp-json\/wp\/v2\/pages\/3977\/revisions"}],"predecessor-version":[{"id":3978,"href":"https:\/\/retinaclub.es\/fr\/wp-json\/wp\/v2\/pages\/3977\/revisions\/3978"}],"wp:attachment":[{"href":"https:\/\/retinaclub.es\/fr\/wp-json\/wp\/v2\/media?parent=3977"}],"curies":[{"name":"wp","href":"https:\/\/api.w.org\/{rel}","templated":true}]}}