{"id":3979,"date":"2024-11-12T18:56:02","date_gmt":"2024-11-12T17:56:02","guid":{"rendered":"https:\/\/retinaclub.es\/conditions-dutilisation\/"},"modified":"2026-04-16T00:02:19","modified_gmt":"2026-04-15T22:02:19","slug":"conditions-dutilisation","status":"publish","type":"page","link":"https:\/\/retinaclub.es\/fr\/conditions-dutilisation\/","title":{"rendered":"Conditions d&rsquo;utilisation"},"content":{"rendered":"\n<p>Le pr\u00e9sent site web (le \u00ab\u00a0Site\u00a0\u00bb) est g\u00e9r\u00e9 par Carl Zeiss Meditec Iberia SA (\u00ab\u00a0Zeiss\u00a0\u00bb), soci\u00e9t\u00e9 immatricul\u00e9e en Espagne sous le num\u00e9ro d\u2019identification fiscale (CIF) A28058337 au Registre du Commerce de Madrid, volume 10383, folio 134, page M-165113, et dont le si\u00e8ge social est situ\u00e9 Ronda de Poniente 5, 28760 Tres Cantos (Espagne). Aux fins des pr\u00e9sentes conditions d\u2019utilisation, les termes \u00ab\u00a0notre\u00a0\u00bb, \u00ab\u00a0nos\u00a0\u00bb ou \u00ab\u00a0nos\u00a0\u00bb font r\u00e9f\u00e9rence \u00e0 Zeiss Meditec Iberia.<\/p>\n\n<p>Ce site web n&rsquo;est pas destin\u00e9 aux personnes de moins de 18 ans et est sp\u00e9cifiquement destin\u00e9 aux professionnels de la sant\u00e9 pour leur usage professionnel.  <\/p>\n\n<p><strong>Acc\u00e8s au site Web<\/strong><\/p>\n\n<p>Les pr\u00e9sentes conditions d&rsquo;utilisation s&rsquo;appliquent \u00e0 l&rsquo;ensemble du contenu du site web. En utilisant notre site web, vous reconnaissez et acceptez les pr\u00e9sentes conditions d&rsquo;utilisation, ainsi que la politique de confidentialit\u00e9 du site, qui en fait partie int\u00e9grante. Si vous n&rsquo;acceptez pas ces conditions, veuillez ne pas utiliser le site web.  <\/p>\n\n<p>Le contenu de ce site Web est uniquement destin\u00e9 \u00e0 des fins d&rsquo;information et \u00e0 l&rsquo;usage des professionnels de la sant\u00e9.<\/p>\n\n<p><strong>droits de propri\u00e9t\u00e9 intellectuelle<\/strong><\/p>\n\n<p>Toutes les marques d\u00e9pos\u00e9es figurant sur ce site web sont la propri\u00e9t\u00e9 du groupe Zeiss, sauf mention contraire ou si elles sont consid\u00e9r\u00e9es comme des droits de tiers. Toute utilisation non autoris\u00e9e de ces marques ou autres \u00e9l\u00e9ments est formellement interdite et constitue une violation des droits de propri\u00e9t\u00e9 intellectuelle et industrielle ainsi que des r\u00e9glementations applicables. <br\/><br\/>Zeiss d\u00e9tient ou exploite sous licence tous les droits de propri\u00e9t\u00e9 intellectuelle (y compris tous les droits d&rsquo;auteur) relatifs aux textes, graphismes et codes pr\u00e9sents sur le site, \u00e0 sa conception g\u00e9n\u00e9rale, ainsi qu&rsquo;\u00e0 la s\u00e9lection, l&rsquo;agencement et la pr\u00e9sentation de tous les \u00e9l\u00e9ments qui y figurent. Nous pouvons r\u00e9voquer \u00e0 tout moment la licence d&rsquo;utilisation du contenu du site. Le contenu ne peut \u00eatre copi\u00e9, sauf pour votre usage personnel et non commercial, \u00e0 condition de supprimer toutes les mentions de droit d&rsquo;auteur et\/ou autres mentions de propri\u00e9t\u00e9. Sauf autorisation expresse sur le site, vous n&rsquo;\u00eates pas autoris\u00e9 \u00e0 copier, publier, t\u00e9l\u00e9charger, modifier, reproduire ou retransmettre le contenu, en tout ou en partie, de quelque mani\u00e8re que ce soit sans l&rsquo;accord \u00e9crit pr\u00e9alable du propri\u00e9taire du site web.   <\/p>\n\n<p>Le contenu de ce site est prot\u00e9g\u00e9 par toutes les lois, r\u00e8gles et trait\u00e9s nationaux et internationaux applicables, y compris, mais sans s&rsquo;y limiter, les lois sur le droit d&rsquo;auteur et les marques de commerce.<\/p>\n\n<p><strong>Publications \u2013 Cas, images et vid\u00e9os<\/strong><\/p>\n\n<p>L\u2019Utilisateur peut soumettre des cas, des images et\/ou des contenus vid\u00e9o (\u00ab\u00a0Cas d\u2019Utilisateur\u00a0\u00bb) pour examen par un Comit\u00e9 d\u2019Experts et publication sur le Site Web. L\u2019Utilisateur conserve ses droits sur les Cas d\u2019Utilisateur, mais en les soumettant, il conc\u00e8de \u00e0 Zeiss une licence gratuite, illimit\u00e9e, mondiale et non exclusive d\u2019utilisation, de reproduction et de diffusion, ainsi qu\u2019une licence pour cr\u00e9er des supports \u00e9crits ou audiovisuels d\u00e9riv\u00e9s des Cas d\u2019Utilisateur, sous quelque format que ce soit. L\u2019Utilisateur renonce \u00e0 tout droit ou recours juridique qu\u2019il pourrait intenter contre Zeiss concernant les Cas d\u2019Utilisateur publi\u00e9s sur le Site Web. <\/p>\n\n<p>L\u2019Utilisateur reconna\u00eet et accepte d\u2019\u00eatre seul responsable des Cas Utilisateur qu\u2019il soumet et des cons\u00e9quences de leur soumission et de leur publication, excluant express\u00e9ment Zeiss de toute responsabilit\u00e9 \u00e0 cet \u00e9gard.<\/p>\n\n<p>L\u2019Utilisateur d\u00e9clare d\u00e9tenir tous les droits, licences, autorisations et consentements n\u00e9cessaires \u00e0 Zeiss pour utiliser et\/ou publier ses Cas Utilisateur. De plus, l\u2019Utilisateur s\u2019engage \u00e0 ne soumettre ni publier aucun cas, image ou vid\u00e9o susceptible de porter atteinte aux droits de tiers, sauf autorisation formelle du titulaire desdits droits. Cette autorisation doit inclure, en faveur de Zeiss, les droits de licence mentionn\u00e9s dans les pr\u00e9sentes Conditions G\u00e9n\u00e9rales. Enfin, l\u2019Utilisateur reconna\u00eet que la soumission de cas ne doit contenir aucune donn\u00e9e personnelle de patient, conform\u00e9ment \u00e0 la r\u00e9glementation en vigueur relative \u00e0 la protection des donn\u00e9es et \u00e0 la publicit\u00e9 dans le secteur de la sant\u00e9.   <\/p>\n\n<p>L\u2019Utilisateur accepte que Zeiss et\/ou le Comit\u00e9 d\u2019experts charg\u00e9 d\u2019examiner les cas d\u2019utilisateurs puissent le contacter pour commenter et examiner le cas, et \u00e9valuer sa publication, et qu\u2019ils puissent demander des donn\u00e9es suppl\u00e9mentaires pour la cr\u00e9ation d\u2019une fiche de co-auteur, qui sera ensuite publi\u00e9e sur le site Web.<\/p>\n\n<p>Zeiss se r\u00e9serve le droit de supprimer toute image, vid\u00e9o ou \u00e9tude de cas contraire \u00e0 la l\u00e9gislation en vigueur, aux pr\u00e9sentes Conditions g\u00e9n\u00e9rales, aux bonnes m\u0153urs, \u00e0 la morale et \u00e0 l&rsquo;ordre public.<\/p>\n\n<p>Lorsque vous fournissez des informations lors de l&rsquo;utilisation de nos services, ces informations doivent \u00eatre exactes et compl\u00e8tes. Nous nous r\u00e9servons le droit de v\u00e9rifier votre identit\u00e9 ou toute information que vous nous communiquez. <br\/><br\/><\/p>\n\n<p><strong>Liens tiers<\/strong><\/p>\n\n<p>Ce site peut contenir des liens vers des sites web tiers. Dans ce cas, notre soci\u00e9t\u00e9 n&rsquo;exerce aucun contr\u00f4le sur le contenu de ces sites et d\u00e9cline toute responsabilit\u00e9 quant aux informations qu&rsquo;ils contiennent. Si vous suivez un lien vers l&rsquo;un de ces sites, veuillez noter qu&rsquo;il peut avoir sa propre politique de confidentialit\u00e9. Nous d\u00e9clinons toute responsabilit\u00e9 quant \u00e0 ces politiques et \u00e0 ces sites. Veuillez consulter la politique de confidentialit\u00e9 de chaque site avant de soumettre des donn\u00e9es personnelles.   <br\/><br\/><\/p>\n\n<p><strong>utilisateurs internationaux<\/strong><\/p>\n\n<p>Ce site web a \u00e9t\u00e9 d\u00e9velopp\u00e9 conform\u00e9ment \u00e0 la l\u00e9gislation espagnole et est destin\u00e9 \u00e0 \u00eatre utilis\u00e9 en Espagne. Tout acc\u00e8s \u00e0 du contenu ou t\u00e9l\u00e9chargement de celui-ci depuis l&rsquo;ext\u00e9rieur de l&rsquo;Espagne rel\u00e8ve de la responsabilit\u00e9 de l&rsquo;utilisateur, qui doit s&rsquo;assurer d&rsquo;agir en conformit\u00e9 avec la l\u00e9gislation applicable dans son pays de r\u00e9sidence. <\/p>\n\n<p><strong>Responsabilit\u00e9 limit\u00e9e<\/strong><\/p>\n\n<p>Zeiss a compil\u00e9 les informations d\u00e9taill\u00e9es pr\u00e9sent\u00e9es sur ce site web \u00e0 partir de sources internes et externes, en toute bonne foi et avec toute la diligence professionnelle requise, et ce, \u00e0 titre purement informatif. Toutefois, aucune d\u00e9claration ni garantie, expresse ou implicite, n&rsquo;est donn\u00e9e quant \u00e0 l&rsquo;exhaustivit\u00e9 ou l&rsquo;exactitude des informations contenues sur ce site, et celles-ci peuvent devenir obsol\u00e8tes. Par cons\u00e9quent, nous vous recommandons de v\u00e9rifier toute information obtenue sur ce site avant de l&rsquo;utiliser. Les utilisateurs de ce site reconnaissent y acc\u00e9der et consulter son contenu \u00e0 leurs propres risques. Ni Zeiss, ni aucun tiers ayant particip\u00e9 \u00e0 la cr\u00e9ation, \u00e0 la production ou \u00e0 la transmission de ce site ne sauraient \u00eatre tenus responsables des dommages ou pr\u00e9judices r\u00e9sultant de l&rsquo;acc\u00e8s \u00e0 ce site, de l&rsquo;impossibilit\u00e9 d&rsquo;y acc\u00e9der, de son utilisation ou de l&rsquo;impossibilit\u00e9 de l&rsquo;utiliser, ou de la confiance accord\u00e9e aux informations qui y sont fournies.    <\/p>\n\n<p><strong>Modifications du site Web<\/strong><\/p>\n\n<p>Dans le cadre de notre d\u00e9marche d&rsquo;am\u00e9lioration continue de nos services et d&rsquo;adaptation aux \u00e9volutions l\u00e9gislatives et technologiques, ce site Web peut \u00eatre modifi\u00e9, avec ajout ou suppression de fonctionnalit\u00e9s. Par cons\u00e9quent, nous nous r\u00e9servons le droit d&rsquo;interrompre ou de modifier, en tout ou en partie, ce site Web ou les pr\u00e9sentes conditions d&rsquo;utilisation. Nous vous recommandons de consulter r\u00e9guli\u00e8rement cette page.  <\/p>\n\n<p>Zeiss peut supprimer le site RetinaClub, avec ou sans motif, \u00e0 tout moment, avec ou sans pr\u00e9avis et sans aucune responsabilit\u00e9 de sa part.<\/p>\n\n<p><strong>Maintenance et s\u00e9curit\u00e9 du site web<\/strong><\/p>\n\n<p>Le Site peut \u00eatre indisponible de temps \u00e0 autre en raison de travaux de maintenance, de dysfonctionnements ou pour d&rsquo;autres raisons ind\u00e9pendantes de notre volont\u00e9, et nous d\u00e9clinons toute responsabilit\u00e9 en cas de telles pannes, retards ou interruptions.<br\/><br\/>Nous mettrons en \u0153uvre toutes les mesures raisonnables \u00e0 notre disposition pour prot\u00e9ger le Site contre les virus informatiques, les vers, les chevaux de Troie et autres menaces de s\u00e9curit\u00e9. Toutefois, nous ne garantissons pas une protection absolue du Site contre les logiciels malveillants et d\u00e9clinons toute responsabilit\u00e9 pour les pertes r\u00e9sultant de tels logiciels transmis par le biais du Site ou t\u00e9l\u00e9charg\u00e9s depuis celui-ci. <br\/><br\/><\/p>\n\n<p><strong>L\u00e9gislation applicable<\/strong><\/p>\n\n<p>Tout litige ou d\u00e9saccord relatif \u00e0 l&rsquo;acc\u00e8s \u00e0 ce site web ou \u00e0 son utilisation sera r\u00e9gi par le droit espagnol, les tribunaux de la ville de Madrid \u00e9tant exclusivement comp\u00e9tents.<\/p>\n\n<p>Si un tribunal ou une juridiction comp\u00e9tente d\u00e9clare que l&rsquo;une des dispositions indiqu\u00e9es dans les pr\u00e9sentes conditions est ill\u00e9gale, nulle ou inapplicable, elle sera modifi\u00e9e afin de la rendre valide et applicable dans toute la mesure du possible.<\/p>\n\n<p><strong>Contact<\/strong><\/p>\n\n<p>Si l&rsquo;Utilisateur a des questions concernant les pr\u00e9sentes Conditions G\u00e9n\u00e9rales ou des commentaires concernant le Site Web, veuillez contacter <a href=\"mailto:zeiss.comunicacion@zeiss.com\">zeiss.comunicacion@zeiss.com<\/a> .<\/p>\n","protected":false},"excerpt":{"rendered":"<p>Le pr\u00e9sent site web (le \u00ab\u00a0Site\u00a0\u00bb) est g\u00e9r\u00e9 par Carl Zeiss Meditec Iberia SA (\u00ab\u00a0Zeiss\u00a0\u00bb), soci\u00e9t\u00e9 immatricul\u00e9e en Espagne sous le num\u00e9ro d\u2019identification fiscale (CIF) A28058337 au Registre du Commerce de Madrid, volume 10383, folio 134, page M-165113, et dont le si\u00e8ge social est situ\u00e9 Ronda de Poniente 5, 28760 Tres Cantos (Espagne). Aux fins [&hellip;]<\/p>\n","protected":false},"author":1,"featured_media":0,"parent":0,"menu_order":0,"comment_status":"closed","ping_status":"closed","template":"","meta":{"footnotes":""},"class_list":["post-3979","page","type-page","status-publish","hentry"],"yoast_head":"<!-- This site is optimized with the Yoast SEO plugin v27.4 - https:\/\/yoast.com\/product\/yoast-seo-wordpress\/ -->\n<title>Conditions d&#039;utilisation - Retina Club<\/title>\n<meta name=\"robots\" content=\"index, follow, max-snippet:-1, max-image-preview:large, max-video-preview:-1\" \/>\n<link rel=\"canonical\" href=\"https:\/\/retinaclub.es\/fr\/conditions-dutilisation\/\" \/>\n<meta property=\"og:locale\" content=\"fr_FR\" \/>\n<meta property=\"og:type\" content=\"article\" \/>\n<meta property=\"og:title\" content=\"Conditions d&#039;utilisation - Retina Club\" \/>\n<meta property=\"og:description\" content=\"Le pr\u00e9sent site web (le \u00ab\u00a0Site\u00a0\u00bb) est g\u00e9r\u00e9 par Carl Zeiss Meditec Iberia SA (\u00ab\u00a0Zeiss\u00a0\u00bb), soci\u00e9t\u00e9 immatricul\u00e9e en Espagne sous le num\u00e9ro d\u2019identification fiscale (CIF) A28058337 au Registre du Commerce de Madrid, volume 10383, folio 134, page M-165113, et dont le si\u00e8ge social est situ\u00e9 Ronda de Poniente 5, 28760 Tres Cantos (Espagne). Aux fins [&hellip;]\" \/>\n<meta property=\"og:url\" content=\"https:\/\/retinaclub.es\/fr\/conditions-dutilisation\/\" \/>\n<meta property=\"og:site_name\" content=\"Retina Club\" \/>\n<meta property=\"article:modified_time\" content=\"2026-04-15T22:02:19+00:00\" \/>\n<meta name=\"twitter:card\" content=\"summary_large_image\" \/>\n<meta name=\"twitter:label1\" content=\"Dur\u00e9e de lecture estim\u00e9e\" \/>\n\t<meta name=\"twitter:data1\" content=\"7 minutes\" \/>\n<script type=\"application\/ld+json\" class=\"yoast-schema-graph\">{\"@context\":\"https:\\\/\\\/schema.org\",\"@graph\":[{\"@type\":\"WebPage\",\"@id\":\"https:\\\/\\\/retinaclub.es\\\/fr\\\/conditions-dutilisation\\\/\",\"url\":\"https:\\\/\\\/retinaclub.es\\\/fr\\\/conditions-dutilisation\\\/\",\"name\":\"Conditions d'utilisation - Retina Club\",\"isPartOf\":{\"@id\":\"https:\\\/\\\/retinaclub.es\\\/fr\\\/#website\"},\"datePublished\":\"2024-11-12T17:56:02+00:00\",\"dateModified\":\"2026-04-15T22:02:19+00:00\",\"breadcrumb\":{\"@id\":\"https:\\\/\\\/retinaclub.es\\\/fr\\\/conditions-dutilisation\\\/#breadcrumb\"},\"inLanguage\":\"fr-FR\",\"potentialAction\":[{\"@type\":\"ReadAction\",\"target\":[\"https:\\\/\\\/retinaclub.es\\\/fr\\\/conditions-dutilisation\\\/\"]}]},{\"@type\":\"BreadcrumbList\",\"@id\":\"https:\\\/\\\/retinaclub.es\\\/fr\\\/conditions-dutilisation\\\/#breadcrumb\",\"itemListElement\":[{\"@type\":\"ListItem\",\"position\":1,\"name\":\"Portada\",\"item\":\"https:\\\/\\\/retinaclub.es\\\/fr\\\/commencer\\\/\"},{\"@type\":\"ListItem\",\"position\":2,\"name\":\"Conditions d&#8217;utilisation\"}]},{\"@type\":\"WebSite\",\"@id\":\"https:\\\/\\\/retinaclub.es\\\/fr\\\/#website\",\"url\":\"https:\\\/\\\/retinaclub.es\\\/fr\\\/\",\"name\":\"Retina Club\",\"description\":\"\",\"publisher\":{\"@id\":\"https:\\\/\\\/retinaclub.es\\\/fr\\\/#organization\"},\"potentialAction\":[{\"@type\":\"SearchAction\",\"target\":{\"@type\":\"EntryPoint\",\"urlTemplate\":\"https:\\\/\\\/retinaclub.es\\\/fr\\\/?s={search_term_string}\"},\"query-input\":{\"@type\":\"PropertyValueSpecification\",\"valueRequired\":true,\"valueName\":\"search_term_string\"}}],\"inLanguage\":\"fr-FR\"},{\"@type\":\"Organization\",\"@id\":\"https:\\\/\\\/retinaclub.es\\\/fr\\\/#organization\",\"name\":\"Retina Club\",\"url\":\"https:\\\/\\\/retinaclub.es\\\/fr\\\/\",\"logo\":{\"@type\":\"ImageObject\",\"inLanguage\":\"fr-FR\",\"@id\":\"https:\\\/\\\/retinaclub.es\\\/fr\\\/#\\\/schema\\\/logo\\\/image\\\/\",\"url\":\"https:\\\/\\\/retinaclub.es\\\/wp-content\\\/uploads\\\/2024\\\/07\\\/cropped-favicon.png\",\"contentUrl\":\"https:\\\/\\\/retinaclub.es\\\/wp-content\\\/uploads\\\/2024\\\/07\\\/cropped-favicon.png\",\"width\":512,\"height\":512,\"caption\":\"Retina Club\"},\"image\":{\"@id\":\"https:\\\/\\\/retinaclub.es\\\/fr\\\/#\\\/schema\\\/logo\\\/image\\\/\"}}]}<\/script>\n<!-- \/ Yoast SEO plugin. -->","yoast_head_json":{"title":"Conditions d'utilisation - Retina Club","robots":{"index":"index","follow":"follow","max-snippet":"max-snippet:-1","max-image-preview":"max-image-preview:large","max-video-preview":"max-video-preview:-1"},"canonical":"https:\/\/retinaclub.es\/fr\/conditions-dutilisation\/","og_locale":"fr_FR","og_type":"article","og_title":"Conditions d'utilisation - Retina Club","og_description":"Le pr\u00e9sent site web (le \u00ab\u00a0Site\u00a0\u00bb) est g\u00e9r\u00e9 par Carl Zeiss Meditec Iberia SA (\u00ab\u00a0Zeiss\u00a0\u00bb), soci\u00e9t\u00e9 immatricul\u00e9e en Espagne sous le num\u00e9ro d\u2019identification fiscale (CIF) A28058337 au Registre du Commerce de Madrid, volume 10383, folio 134, page M-165113, et dont le si\u00e8ge social est situ\u00e9 Ronda de Poniente 5, 28760 Tres Cantos (Espagne). Aux fins [&hellip;]","og_url":"https:\/\/retinaclub.es\/fr\/conditions-dutilisation\/","og_site_name":"Retina Club","article_modified_time":"2026-04-15T22:02:19+00:00","twitter_card":"summary_large_image","twitter_misc":{"Dur\u00e9e de lecture estim\u00e9e":"7 minutes"},"schema":{"@context":"https:\/\/schema.org","@graph":[{"@type":"WebPage","@id":"https:\/\/retinaclub.es\/fr\/conditions-dutilisation\/","url":"https:\/\/retinaclub.es\/fr\/conditions-dutilisation\/","name":"Conditions d'utilisation - Retina Club","isPartOf":{"@id":"https:\/\/retinaclub.es\/fr\/#website"},"datePublished":"2024-11-12T17:56:02+00:00","dateModified":"2026-04-15T22:02:19+00:00","breadcrumb":{"@id":"https:\/\/retinaclub.es\/fr\/conditions-dutilisation\/#breadcrumb"},"inLanguage":"fr-FR","potentialAction":[{"@type":"ReadAction","target":["https:\/\/retinaclub.es\/fr\/conditions-dutilisation\/"]}]},{"@type":"BreadcrumbList","@id":"https:\/\/retinaclub.es\/fr\/conditions-dutilisation\/#breadcrumb","itemListElement":[{"@type":"ListItem","position":1,"name":"Portada","item":"https:\/\/retinaclub.es\/fr\/commencer\/"},{"@type":"ListItem","position":2,"name":"Conditions d&#8217;utilisation"}]},{"@type":"WebSite","@id":"https:\/\/retinaclub.es\/fr\/#website","url":"https:\/\/retinaclub.es\/fr\/","name":"Retina Club","description":"","publisher":{"@id":"https:\/\/retinaclub.es\/fr\/#organization"},"potentialAction":[{"@type":"SearchAction","target":{"@type":"EntryPoint","urlTemplate":"https:\/\/retinaclub.es\/fr\/?s={search_term_string}"},"query-input":{"@type":"PropertyValueSpecification","valueRequired":true,"valueName":"search_term_string"}}],"inLanguage":"fr-FR"},{"@type":"Organization","@id":"https:\/\/retinaclub.es\/fr\/#organization","name":"Retina Club","url":"https:\/\/retinaclub.es\/fr\/","logo":{"@type":"ImageObject","inLanguage":"fr-FR","@id":"https:\/\/retinaclub.es\/fr\/#\/schema\/logo\/image\/","url":"https:\/\/retinaclub.es\/wp-content\/uploads\/2024\/07\/cropped-favicon.png","contentUrl":"https:\/\/retinaclub.es\/wp-content\/uploads\/2024\/07\/cropped-favicon.png","width":512,"height":512,"caption":"Retina Club"},"image":{"@id":"https:\/\/retinaclub.es\/fr\/#\/schema\/logo\/image\/"}}]}},"_links":{"self":[{"href":"https:\/\/retinaclub.es\/fr\/wp-json\/wp\/v2\/pages\/3979","targetHints":{"allow":["GET"]}}],"collection":[{"href":"https:\/\/retinaclub.es\/fr\/wp-json\/wp\/v2\/pages"}],"about":[{"href":"https:\/\/retinaclub.es\/fr\/wp-json\/wp\/v2\/types\/page"}],"author":[{"embeddable":true,"href":"https:\/\/retinaclub.es\/fr\/wp-json\/wp\/v2\/users\/1"}],"replies":[{"embeddable":true,"href":"https:\/\/retinaclub.es\/fr\/wp-json\/wp\/v2\/comments?post=3979"}],"version-history":[{"count":3,"href":"https:\/\/retinaclub.es\/fr\/wp-json\/wp\/v2\/pages\/3979\/revisions"}],"predecessor-version":[{"id":3988,"href":"https:\/\/retinaclub.es\/fr\/wp-json\/wp\/v2\/pages\/3979\/revisions\/3988"}],"wp:attachment":[{"href":"https:\/\/retinaclub.es\/fr\/wp-json\/wp\/v2\/media?parent=3979"}],"curies":[{"name":"wp","href":"https:\/\/api.w.org\/{rel}","templated":true}]}}