{"id":4016,"date":"2024-11-20T15:25:05","date_gmt":"2024-11-20T14:25:05","guid":{"rendered":"https:\/\/retinaclub.es\/clarusclub\/"},"modified":"2026-04-16T00:02:29","modified_gmt":"2026-04-15T22:02:29","slug":"clarusclub","status":"publish","type":"page","link":"https:\/\/retinaclub.es\/fr\/clarusclub\/","title":{"rendered":"ClarusClub"},"content":{"rendered":"\n<div class=\"wp-block-columns instagram__titulo is-layout-flex wp-container-core-columns-is-layout-9d6595d7 wp-block-columns-is-layout-flex\">\n<div class=\"wp-block-column is-layout-flow wp-block-column-is-layout-flow\" style=\"flex-basis:8%\">\n<figure class=\"wp-block-image size-full instagram_avatar\"><img loading=\"lazy\" decoding=\"async\" width=\"150\" height=\"150\" src=\"https:\/\/retinaclub.es\/wp-content\/uploads\/2025\/01\/clarusclub.webp\" alt=\"\" class=\"wp-image-1373\"\/><\/figure>\n<\/div>\n\n\n\n<div class=\"wp-block-column titulo__right is-layout-flow wp-block-column-is-layout-flow\" style=\"flex-basis:92%\">\n<h2 class=\"wp-block-heading\"><a href=\"https:\/\/www.instagram.com\/retina.club\/\" target=\"_blank\" rel=\"noreferrer noopener\">clarusclub<\/a><\/h2>\n\n\n\n<p>Envoyez-nous votre cas clinique accompagn\u00e9 d&rsquo;images Clarus \u00e0 Zeiss.Comunicacion@zeiss.com<\/p>\n<\/div>\n<\/div>\n\t\t<div id=\"sbi_mod_error\" >\n\t\t\t<span>Ce message d\u2019erreur n\u2019est visible que pour les administrateurs de WordPress<\/span><br\/>\n\t\t\t<p><strong>Erreur\u00a0:  aucun flux avec l\u2019ID 1 n\u2019a \u00e9t\u00e9 trouv\u00e9.<\/strong>\n\t\t\t<p>Veuillez aller sur la page de r\u00e9glages d\u2018Instagram Feed pour connecter votre compte.<\/p>\n\t\t<\/div>\n\t\t\n\n<p><\/p>\n","protected":false},"excerpt":{"rendered":"<p>clarusclub Envoyez-nous votre cas clinique accompagn\u00e9 d&rsquo;images Clarus \u00e0 Zeiss.Comunicacion@zeiss.com<\/p>\n","protected":false},"author":1,"featured_media":0,"parent":0,"menu_order":0,"comment_status":"closed","ping_status":"closed","template":"template-clarus.php","meta":{"footnotes":""},"class_list":["post-4016","page","type-page","status-publish","hentry"],"yoast_head":"<!-- This site is optimized with the Yoast SEO plugin v27.4 - https:\/\/yoast.com\/product\/yoast-seo-wordpress\/ -->\n<title>ClarusClub - Retina Club<\/title>\n<meta name=\"robots\" content=\"index, follow, max-snippet:-1, max-image-preview:large, max-video-preview:-1\" \/>\n<link rel=\"canonical\" href=\"https:\/\/retinaclub.es\/fr\/clarusclub\/\" \/>\n<meta property=\"og:locale\" content=\"fr_FR\" \/>\n<meta property=\"og:type\" content=\"article\" \/>\n<meta property=\"og:title\" content=\"ClarusClub - Retina Club\" \/>\n<meta property=\"og:description\" content=\"clarusclub Envoyez-nous votre cas clinique accompagn\u00e9 d&rsquo;images Clarus \u00e0 Zeiss.Comunicacion@zeiss.com\" \/>\n<meta property=\"og:url\" content=\"https:\/\/retinaclub.es\/fr\/clarusclub\/\" \/>\n<meta property=\"og:site_name\" content=\"Retina Club\" \/>\n<meta property=\"article:modified_time\" content=\"2026-04-15T22:02:29+00:00\" \/>\n<meta property=\"og:image\" content=\"https:\/\/retinaclub.es\/wp-content\/uploads\/2025\/01\/clarusclub.webp\" \/>\n\t<meta property=\"og:image:width\" content=\"150\" \/>\n\t<meta property=\"og:image:height\" content=\"150\" \/>\n\t<meta property=\"og:image:type\" content=\"image\/webp\" \/>\n<meta name=\"twitter:card\" content=\"summary_large_image\" \/>\n<script type=\"application\/ld+json\" class=\"yoast-schema-graph\">{\"@context\":\"https:\\\/\\\/schema.org\",\"@graph\":[{\"@type\":\"WebPage\",\"@id\":\"https:\\\/\\\/retinaclub.es\\\/fr\\\/clarusclub\\\/\",\"url\":\"https:\\\/\\\/retinaclub.es\\\/fr\\\/clarusclub\\\/\",\"name\":\"ClarusClub - Retina Club\",\"isPartOf\":{\"@id\":\"https:\\\/\\\/retinaclub.es\\\/fr\\\/#website\"},\"primaryImageOfPage\":{\"@id\":\"https:\\\/\\\/retinaclub.es\\\/fr\\\/clarusclub\\\/#primaryimage\"},\"image\":{\"@id\":\"https:\\\/\\\/retinaclub.es\\\/fr\\\/clarusclub\\\/#primaryimage\"},\"thumbnailUrl\":\"https:\\\/\\\/retinaclub.es\\\/wp-content\\\/uploads\\\/2025\\\/01\\\/clarusclub.webp\",\"datePublished\":\"2024-11-20T14:25:05+00:00\",\"dateModified\":\"2026-04-15T22:02:29+00:00\",\"breadcrumb\":{\"@id\":\"https:\\\/\\\/retinaclub.es\\\/fr\\\/clarusclub\\\/#breadcrumb\"},\"inLanguage\":\"fr-FR\",\"potentialAction\":[{\"@type\":\"ReadAction\",\"target\":[\"https:\\\/\\\/retinaclub.es\\\/fr\\\/clarusclub\\\/\"]}]},{\"@type\":\"ImageObject\",\"inLanguage\":\"fr-FR\",\"@id\":\"https:\\\/\\\/retinaclub.es\\\/fr\\\/clarusclub\\\/#primaryimage\",\"url\":\"https:\\\/\\\/retinaclub.es\\\/wp-content\\\/uploads\\\/2025\\\/01\\\/clarusclub.webp\",\"contentUrl\":\"https:\\\/\\\/retinaclub.es\\\/wp-content\\\/uploads\\\/2025\\\/01\\\/clarusclub.webp\"},{\"@type\":\"BreadcrumbList\",\"@id\":\"https:\\\/\\\/retinaclub.es\\\/fr\\\/clarusclub\\\/#breadcrumb\",\"itemListElement\":[{\"@type\":\"ListItem\",\"position\":1,\"name\":\"Portada\",\"item\":\"https:\\\/\\\/retinaclub.es\\\/fr\\\/commencer\\\/\"},{\"@type\":\"ListItem\",\"position\":2,\"name\":\"ClarusClub\"}]},{\"@type\":\"WebSite\",\"@id\":\"https:\\\/\\\/retinaclub.es\\\/fr\\\/#website\",\"url\":\"https:\\\/\\\/retinaclub.es\\\/fr\\\/\",\"name\":\"Retina Club\",\"description\":\"\",\"publisher\":{\"@id\":\"https:\\\/\\\/retinaclub.es\\\/fr\\\/#organization\"},\"potentialAction\":[{\"@type\":\"SearchAction\",\"target\":{\"@type\":\"EntryPoint\",\"urlTemplate\":\"https:\\\/\\\/retinaclub.es\\\/fr\\\/?s={search_term_string}\"},\"query-input\":{\"@type\":\"PropertyValueSpecification\",\"valueRequired\":true,\"valueName\":\"search_term_string\"}}],\"inLanguage\":\"fr-FR\"},{\"@type\":\"Organization\",\"@id\":\"https:\\\/\\\/retinaclub.es\\\/fr\\\/#organization\",\"name\":\"Retina Club\",\"url\":\"https:\\\/\\\/retinaclub.es\\\/fr\\\/\",\"logo\":{\"@type\":\"ImageObject\",\"inLanguage\":\"fr-FR\",\"@id\":\"https:\\\/\\\/retinaclub.es\\\/fr\\\/#\\\/schema\\\/logo\\\/image\\\/\",\"url\":\"https:\\\/\\\/retinaclub.es\\\/wp-content\\\/uploads\\\/2024\\\/07\\\/cropped-favicon.png\",\"contentUrl\":\"https:\\\/\\\/retinaclub.es\\\/wp-content\\\/uploads\\\/2024\\\/07\\\/cropped-favicon.png\",\"width\":512,\"height\":512,\"caption\":\"Retina Club\"},\"image\":{\"@id\":\"https:\\\/\\\/retinaclub.es\\\/fr\\\/#\\\/schema\\\/logo\\\/image\\\/\"}}]}<\/script>\n<!-- \/ Yoast SEO plugin. -->","yoast_head_json":{"title":"ClarusClub - Retina Club","robots":{"index":"index","follow":"follow","max-snippet":"max-snippet:-1","max-image-preview":"max-image-preview:large","max-video-preview":"max-video-preview:-1"},"canonical":"https:\/\/retinaclub.es\/fr\/clarusclub\/","og_locale":"fr_FR","og_type":"article","og_title":"ClarusClub - Retina Club","og_description":"clarusclub Envoyez-nous votre cas clinique accompagn\u00e9 d&rsquo;images Clarus \u00e0 Zeiss.Comunicacion@zeiss.com","og_url":"https:\/\/retinaclub.es\/fr\/clarusclub\/","og_site_name":"Retina Club","article_modified_time":"2026-04-15T22:02:29+00:00","og_image":[{"width":150,"height":150,"url":"https:\/\/retinaclub.es\/wp-content\/uploads\/2025\/01\/clarusclub.webp","type":"image\/webp"}],"twitter_card":"summary_large_image","schema":{"@context":"https:\/\/schema.org","@graph":[{"@type":"WebPage","@id":"https:\/\/retinaclub.es\/fr\/clarusclub\/","url":"https:\/\/retinaclub.es\/fr\/clarusclub\/","name":"ClarusClub - Retina Club","isPartOf":{"@id":"https:\/\/retinaclub.es\/fr\/#website"},"primaryImageOfPage":{"@id":"https:\/\/retinaclub.es\/fr\/clarusclub\/#primaryimage"},"image":{"@id":"https:\/\/retinaclub.es\/fr\/clarusclub\/#primaryimage"},"thumbnailUrl":"https:\/\/retinaclub.es\/wp-content\/uploads\/2025\/01\/clarusclub.webp","datePublished":"2024-11-20T14:25:05+00:00","dateModified":"2026-04-15T22:02:29+00:00","breadcrumb":{"@id":"https:\/\/retinaclub.es\/fr\/clarusclub\/#breadcrumb"},"inLanguage":"fr-FR","potentialAction":[{"@type":"ReadAction","target":["https:\/\/retinaclub.es\/fr\/clarusclub\/"]}]},{"@type":"ImageObject","inLanguage":"fr-FR","@id":"https:\/\/retinaclub.es\/fr\/clarusclub\/#primaryimage","url":"https:\/\/retinaclub.es\/wp-content\/uploads\/2025\/01\/clarusclub.webp","contentUrl":"https:\/\/retinaclub.es\/wp-content\/uploads\/2025\/01\/clarusclub.webp"},{"@type":"BreadcrumbList","@id":"https:\/\/retinaclub.es\/fr\/clarusclub\/#breadcrumb","itemListElement":[{"@type":"ListItem","position":1,"name":"Portada","item":"https:\/\/retinaclub.es\/fr\/commencer\/"},{"@type":"ListItem","position":2,"name":"ClarusClub"}]},{"@type":"WebSite","@id":"https:\/\/retinaclub.es\/fr\/#website","url":"https:\/\/retinaclub.es\/fr\/","name":"Retina Club","description":"","publisher":{"@id":"https:\/\/retinaclub.es\/fr\/#organization"},"potentialAction":[{"@type":"SearchAction","target":{"@type":"EntryPoint","urlTemplate":"https:\/\/retinaclub.es\/fr\/?s={search_term_string}"},"query-input":{"@type":"PropertyValueSpecification","valueRequired":true,"valueName":"search_term_string"}}],"inLanguage":"fr-FR"},{"@type":"Organization","@id":"https:\/\/retinaclub.es\/fr\/#organization","name":"Retina Club","url":"https:\/\/retinaclub.es\/fr\/","logo":{"@type":"ImageObject","inLanguage":"fr-FR","@id":"https:\/\/retinaclub.es\/fr\/#\/schema\/logo\/image\/","url":"https:\/\/retinaclub.es\/wp-content\/uploads\/2024\/07\/cropped-favicon.png","contentUrl":"https:\/\/retinaclub.es\/wp-content\/uploads\/2024\/07\/cropped-favicon.png","width":512,"height":512,"caption":"Retina Club"},"image":{"@id":"https:\/\/retinaclub.es\/fr\/#\/schema\/logo\/image\/"}}]}},"_links":{"self":[{"href":"https:\/\/retinaclub.es\/fr\/wp-json\/wp\/v2\/pages\/4016","targetHints":{"allow":["GET"]}}],"collection":[{"href":"https:\/\/retinaclub.es\/fr\/wp-json\/wp\/v2\/pages"}],"about":[{"href":"https:\/\/retinaclub.es\/fr\/wp-json\/wp\/v2\/types\/page"}],"author":[{"embeddable":true,"href":"https:\/\/retinaclub.es\/fr\/wp-json\/wp\/v2\/users\/1"}],"replies":[{"embeddable":true,"href":"https:\/\/retinaclub.es\/fr\/wp-json\/wp\/v2\/comments?post=4016"}],"version-history":[{"count":3,"href":"https:\/\/retinaclub.es\/fr\/wp-json\/wp\/v2\/pages\/4016\/revisions"}],"predecessor-version":[{"id":4019,"href":"https:\/\/retinaclub.es\/fr\/wp-json\/wp\/v2\/pages\/4016\/revisions\/4019"}],"wp:attachment":[{"href":"https:\/\/retinaclub.es\/fr\/wp-json\/wp\/v2\/media?parent=4016"}],"curies":[{"name":"wp","href":"https:\/\/api.w.org\/{rel}","templated":true}]}}