{"id":4020,"date":"2025-01-23T17:54:32","date_gmt":"2025-01-23T16:54:32","guid":{"rendered":"https:\/\/retinaclub.es\/politique-relative-aux-cookies\/"},"modified":"2026-04-16T00:02:30","modified_gmt":"2026-04-15T22:02:30","slug":"politique-relative-aux-cookies","status":"publish","type":"page","link":"https:\/\/retinaclub.es\/fr\/politique-relative-aux-cookies\/","title":{"rendered":"Politique relative aux cookies"},"content":{"rendered":"\n<p><strong>Cookies, suivi de site web et analyse web<\/strong><\/p>\n\n<p>Nous utilisons des cookies et des technologies similaires (ci-apr\u00e8s collectivement d\u00e9nomm\u00e9s \u00ab\u00a0cookies\u00a0\u00bb) \u00e0 diverses fins. Les cookies sont des fichiers texte cr\u00e9\u00e9s automatiquement par votre navigateur et stock\u00e9s sur votre terminal (ordinateur, tablette, smartphone, etc.). <\/p>\n\n<p>Ces informations peuvent \u00eatre stock\u00e9es dans des cookies g\u00e9n\u00e9r\u00e9s par l&rsquo;appareil terminal concern\u00e9. Leur finalit\u00e9 d\u00e9pend du type de cookie. Les cookies sont class\u00e9s dans les cat\u00e9gories suivantes.  <\/p>\n\n<p><strong>Cookies techniquement n\u00e9cessaires<\/strong><\/p>\n\n<p>Les cookies techniquement n\u00e9cessaires sont indispensables au fonctionnement de base d&rsquo;un site web, par exemple pour m\u00e9moriser votre consentement ou votre refus d&rsquo;utiliser des cookies, votre choix de langue d&rsquo;affichage et autres actions similaires. Le traitement de ces donn\u00e9es repose sur notre int\u00e9r\u00eat l\u00e9gitime, conform\u00e9ment \u00e0 l&rsquo;article 6, paragraphe 1, point f) du R\u00e8glement g\u00e9n\u00e9ral sur la protection des donn\u00e9es (RGPD). <\/p>\n\n<p><strong>Cookies statistiques<\/strong><\/p>\n\n<p>Les cookies de cette cat\u00e9gorie enregistrent des informations statistiques relatives \u00e0 votre visite afin d&rsquo;optimiser les performances du site web en fonction de votre comportement d&rsquo;utilisateur anonyme, notamment les pages consult\u00e9es et leur fr\u00e9quence de consultation, les pages de provenance des visiteurs, les temps de chargement et autres facteurs similaires. Ce traitement de donn\u00e9es est fond\u00e9 sur votre consentement, conform\u00e9ment \u00e0 l&rsquo;article 6, paragraphe 1, point a) du RGPD. <\/p>\n\n<p><strong>Cookies fonctionnels<\/strong><\/p>\n\n<p>Les cookies de cette cat\u00e9gorie nous permettent de vous proposer des fonctionnalit\u00e9s avanc\u00e9es. Ces fonctionnalit\u00e9s peuvent \u00eatre fournies par nous ou par des tiers dont nous avons int\u00e9gr\u00e9 les services \u00e0 nos pages. Si vous refusez l&rsquo;utilisation de ces technologies, certains ou tous ces services risquent de ne pas fonctionner correctement. Les cookies fonctionnels sont utilis\u00e9s, par exemple, pour activer certaines fonctionnalit\u00e9s du site web, comme la lecture de vid\u00e9os ou l&rsquo;int\u00e9gration d&rsquo;un service de cartographie. Ces cookies collectent des informations anonymes et ne permettent pas de suivre votre navigation sur d&rsquo;autres sites web. Ce traitement de donn\u00e9es est fond\u00e9 sur votre consentement, conform\u00e9ment \u00e0 l&rsquo;article 6, paragraphe 1, point a) du RGPD.     <\/p>\n\n<p><strong>Cookies marketing<\/strong><\/p>\n\n<p>Les cookies de cette cat\u00e9gorie nous permettent de personnaliser votre exp\u00e9rience sur notre site web. \u00c0 cette fin, nous collectons des informations afin de mieux comprendre nos publics cibles et de leur proposer un contenu plus pertinent et adapt\u00e9 \u00e0 leurs centres d&rsquo;int\u00e9r\u00eat. Ils servent \u00e9galement \u00e0 mesurer l&rsquo;efficacit\u00e9 de nos campagnes promotionnelles. Ces cookies peuvent suivre votre navigation sur d&rsquo;autres sites web, collecter des informations personnelles vous concernant et analyser vos visites et votre activit\u00e9 sur notre site afin de cr\u00e9er des profils personnalis\u00e9s. Ces donn\u00e9es peuvent \u00eatre partag\u00e9es avec des tiers, tels que des annonceurs, et utilis\u00e9es pour afficher des publicit\u00e9s cibl\u00e9es. Ce traitement de donn\u00e9es est fond\u00e9 sur votre consentement, conform\u00e9ment \u00e0 l&rsquo;article 6, paragraphe 1, point a) du RGPD.     <\/p>\n\n<p><strong>Cookies des r\u00e9seaux sociaux<\/strong><\/p>\n\n<p>Ces types de cookies sont utilis\u00e9s par certains services de r\u00e9seaux sociaux que nous avons int\u00e9gr\u00e9s \u00e0 notre site web afin de vous permettre de partager du contenu avec vos amis et vos r\u00e9seaux. Ces cookies peuvent suivre votre navigation sur d&rsquo;autres sites web et \u00e9tablir un profil de vos centres d&rsquo;int\u00e9r\u00eat. Cela peut influencer le contenu et les messages que vous voyez sur les autres sites web que vous consultez. Si vous refusez l&rsquo;utilisation de ces cookies, vous risquez de ne pas pouvoir utiliser ou visualiser ces outils de partage. Ce traitement de donn\u00e9es est fond\u00e9 sur votre consentement, conform\u00e9ment \u00e0 l&rsquo;article 6, paragraphe 1, point a) du RGPD.    <\/p>\n","protected":false},"excerpt":{"rendered":"<p>Cookies, suivi de site web et analyse web Nous utilisons des cookies et des technologies similaires (ci-apr\u00e8s collectivement d\u00e9nomm\u00e9s \u00ab\u00a0cookies\u00a0\u00bb) \u00e0 diverses fins. Les cookies sont des fichiers texte cr\u00e9\u00e9s automatiquement par votre navigateur et stock\u00e9s sur votre terminal (ordinateur, tablette, smartphone, etc.). Ces informations peuvent \u00eatre stock\u00e9es dans des cookies g\u00e9n\u00e9r\u00e9s par l&rsquo;appareil terminal [&hellip;]<\/p>\n","protected":false},"author":1,"featured_media":0,"parent":0,"menu_order":0,"comment_status":"closed","ping_status":"closed","template":"","meta":{"footnotes":""},"class_list":["post-4020","page","type-page","status-publish","hentry"],"yoast_head":"<!-- This site is optimized with the Yoast SEO plugin v27.4 - https:\/\/yoast.com\/product\/yoast-seo-wordpress\/ -->\n<title>Politique relative aux cookies - Retina Club<\/title>\n<meta name=\"robots\" content=\"index, follow, max-snippet:-1, max-image-preview:large, max-video-preview:-1\" \/>\n<link rel=\"canonical\" href=\"https:\/\/retinaclub.es\/fr\/politique-relative-aux-cookies\/\" \/>\n<meta property=\"og:locale\" content=\"fr_FR\" \/>\n<meta property=\"og:type\" content=\"article\" \/>\n<meta property=\"og:title\" content=\"Politique relative aux cookies - Retina Club\" \/>\n<meta property=\"og:description\" content=\"Cookies, suivi de site web et analyse web Nous utilisons des cookies et des technologies similaires (ci-apr\u00e8s collectivement d\u00e9nomm\u00e9s \u00ab\u00a0cookies\u00a0\u00bb) \u00e0 diverses fins. Les cookies sont des fichiers texte cr\u00e9\u00e9s automatiquement par votre navigateur et stock\u00e9s sur votre terminal (ordinateur, tablette, smartphone, etc.). Ces informations peuvent \u00eatre stock\u00e9es dans des cookies g\u00e9n\u00e9r\u00e9s par l&rsquo;appareil terminal [&hellip;]\" \/>\n<meta property=\"og:url\" content=\"https:\/\/retinaclub.es\/fr\/politique-relative-aux-cookies\/\" \/>\n<meta property=\"og:site_name\" content=\"Retina Club\" \/>\n<meta property=\"article:modified_time\" content=\"2026-04-15T22:02:30+00:00\" \/>\n<meta name=\"twitter:card\" content=\"summary_large_image\" \/>\n<meta name=\"twitter:label1\" content=\"Dur\u00e9e de lecture estim\u00e9e\" \/>\n\t<meta name=\"twitter:data1\" content=\"3 minutes\" \/>\n<script type=\"application\/ld+json\" class=\"yoast-schema-graph\">{\"@context\":\"https:\\\/\\\/schema.org\",\"@graph\":[{\"@type\":\"WebPage\",\"@id\":\"https:\\\/\\\/retinaclub.es\\\/fr\\\/politique-relative-aux-cookies\\\/\",\"url\":\"https:\\\/\\\/retinaclub.es\\\/fr\\\/politique-relative-aux-cookies\\\/\",\"name\":\"Politique relative aux cookies - Retina Club\",\"isPartOf\":{\"@id\":\"https:\\\/\\\/retinaclub.es\\\/fr\\\/#website\"},\"datePublished\":\"2025-01-23T16:54:32+00:00\",\"dateModified\":\"2026-04-15T22:02:30+00:00\",\"breadcrumb\":{\"@id\":\"https:\\\/\\\/retinaclub.es\\\/fr\\\/politique-relative-aux-cookies\\\/#breadcrumb\"},\"inLanguage\":\"fr-FR\",\"potentialAction\":[{\"@type\":\"ReadAction\",\"target\":[\"https:\\\/\\\/retinaclub.es\\\/fr\\\/politique-relative-aux-cookies\\\/\"]}]},{\"@type\":\"BreadcrumbList\",\"@id\":\"https:\\\/\\\/retinaclub.es\\\/fr\\\/politique-relative-aux-cookies\\\/#breadcrumb\",\"itemListElement\":[{\"@type\":\"ListItem\",\"position\":1,\"name\":\"Portada\",\"item\":\"https:\\\/\\\/retinaclub.es\\\/fr\\\/commencer\\\/\"},{\"@type\":\"ListItem\",\"position\":2,\"name\":\"Politique relative aux cookies\"}]},{\"@type\":\"WebSite\",\"@id\":\"https:\\\/\\\/retinaclub.es\\\/fr\\\/#website\",\"url\":\"https:\\\/\\\/retinaclub.es\\\/fr\\\/\",\"name\":\"Retina Club\",\"description\":\"\",\"publisher\":{\"@id\":\"https:\\\/\\\/retinaclub.es\\\/fr\\\/#organization\"},\"potentialAction\":[{\"@type\":\"SearchAction\",\"target\":{\"@type\":\"EntryPoint\",\"urlTemplate\":\"https:\\\/\\\/retinaclub.es\\\/fr\\\/?s={search_term_string}\"},\"query-input\":{\"@type\":\"PropertyValueSpecification\",\"valueRequired\":true,\"valueName\":\"search_term_string\"}}],\"inLanguage\":\"fr-FR\"},{\"@type\":\"Organization\",\"@id\":\"https:\\\/\\\/retinaclub.es\\\/fr\\\/#organization\",\"name\":\"Retina Club\",\"url\":\"https:\\\/\\\/retinaclub.es\\\/fr\\\/\",\"logo\":{\"@type\":\"ImageObject\",\"inLanguage\":\"fr-FR\",\"@id\":\"https:\\\/\\\/retinaclub.es\\\/fr\\\/#\\\/schema\\\/logo\\\/image\\\/\",\"url\":\"https:\\\/\\\/retinaclub.es\\\/wp-content\\\/uploads\\\/2024\\\/07\\\/cropped-favicon.png\",\"contentUrl\":\"https:\\\/\\\/retinaclub.es\\\/wp-content\\\/uploads\\\/2024\\\/07\\\/cropped-favicon.png\",\"width\":512,\"height\":512,\"caption\":\"Retina Club\"},\"image\":{\"@id\":\"https:\\\/\\\/retinaclub.es\\\/fr\\\/#\\\/schema\\\/logo\\\/image\\\/\"}}]}<\/script>\n<!-- \/ Yoast SEO plugin. -->","yoast_head_json":{"title":"Politique relative aux cookies - Retina Club","robots":{"index":"index","follow":"follow","max-snippet":"max-snippet:-1","max-image-preview":"max-image-preview:large","max-video-preview":"max-video-preview:-1"},"canonical":"https:\/\/retinaclub.es\/fr\/politique-relative-aux-cookies\/","og_locale":"fr_FR","og_type":"article","og_title":"Politique relative aux cookies - Retina Club","og_description":"Cookies, suivi de site web et analyse web Nous utilisons des cookies et des technologies similaires (ci-apr\u00e8s collectivement d\u00e9nomm\u00e9s \u00ab\u00a0cookies\u00a0\u00bb) \u00e0 diverses fins. Les cookies sont des fichiers texte cr\u00e9\u00e9s automatiquement par votre navigateur et stock\u00e9s sur votre terminal (ordinateur, tablette, smartphone, etc.). Ces informations peuvent \u00eatre stock\u00e9es dans des cookies g\u00e9n\u00e9r\u00e9s par l&rsquo;appareil terminal [&hellip;]","og_url":"https:\/\/retinaclub.es\/fr\/politique-relative-aux-cookies\/","og_site_name":"Retina Club","article_modified_time":"2026-04-15T22:02:30+00:00","twitter_card":"summary_large_image","twitter_misc":{"Dur\u00e9e de lecture estim\u00e9e":"3 minutes"},"schema":{"@context":"https:\/\/schema.org","@graph":[{"@type":"WebPage","@id":"https:\/\/retinaclub.es\/fr\/politique-relative-aux-cookies\/","url":"https:\/\/retinaclub.es\/fr\/politique-relative-aux-cookies\/","name":"Politique relative aux cookies - Retina Club","isPartOf":{"@id":"https:\/\/retinaclub.es\/fr\/#website"},"datePublished":"2025-01-23T16:54:32+00:00","dateModified":"2026-04-15T22:02:30+00:00","breadcrumb":{"@id":"https:\/\/retinaclub.es\/fr\/politique-relative-aux-cookies\/#breadcrumb"},"inLanguage":"fr-FR","potentialAction":[{"@type":"ReadAction","target":["https:\/\/retinaclub.es\/fr\/politique-relative-aux-cookies\/"]}]},{"@type":"BreadcrumbList","@id":"https:\/\/retinaclub.es\/fr\/politique-relative-aux-cookies\/#breadcrumb","itemListElement":[{"@type":"ListItem","position":1,"name":"Portada","item":"https:\/\/retinaclub.es\/fr\/commencer\/"},{"@type":"ListItem","position":2,"name":"Politique relative aux cookies"}]},{"@type":"WebSite","@id":"https:\/\/retinaclub.es\/fr\/#website","url":"https:\/\/retinaclub.es\/fr\/","name":"Retina Club","description":"","publisher":{"@id":"https:\/\/retinaclub.es\/fr\/#organization"},"potentialAction":[{"@type":"SearchAction","target":{"@type":"EntryPoint","urlTemplate":"https:\/\/retinaclub.es\/fr\/?s={search_term_string}"},"query-input":{"@type":"PropertyValueSpecification","valueRequired":true,"valueName":"search_term_string"}}],"inLanguage":"fr-FR"},{"@type":"Organization","@id":"https:\/\/retinaclub.es\/fr\/#organization","name":"Retina Club","url":"https:\/\/retinaclub.es\/fr\/","logo":{"@type":"ImageObject","inLanguage":"fr-FR","@id":"https:\/\/retinaclub.es\/fr\/#\/schema\/logo\/image\/","url":"https:\/\/retinaclub.es\/wp-content\/uploads\/2024\/07\/cropped-favicon.png","contentUrl":"https:\/\/retinaclub.es\/wp-content\/uploads\/2024\/07\/cropped-favicon.png","width":512,"height":512,"caption":"Retina Club"},"image":{"@id":"https:\/\/retinaclub.es\/fr\/#\/schema\/logo\/image\/"}}]}},"_links":{"self":[{"href":"https:\/\/retinaclub.es\/fr\/wp-json\/wp\/v2\/pages\/4020","targetHints":{"allow":["GET"]}}],"collection":[{"href":"https:\/\/retinaclub.es\/fr\/wp-json\/wp\/v2\/pages"}],"about":[{"href":"https:\/\/retinaclub.es\/fr\/wp-json\/wp\/v2\/types\/page"}],"author":[{"embeddable":true,"href":"https:\/\/retinaclub.es\/fr\/wp-json\/wp\/v2\/users\/1"}],"replies":[{"embeddable":true,"href":"https:\/\/retinaclub.es\/fr\/wp-json\/wp\/v2\/comments?post=4020"}],"version-history":[{"count":1,"href":"https:\/\/retinaclub.es\/fr\/wp-json\/wp\/v2\/pages\/4020\/revisions"}],"predecessor-version":[{"id":4021,"href":"https:\/\/retinaclub.es\/fr\/wp-json\/wp\/v2\/pages\/4020\/revisions\/4021"}],"wp:attachment":[{"href":"https:\/\/retinaclub.es\/fr\/wp-json\/wp\/v2\/media?parent=4020"}],"curies":[{"name":"wp","href":"https:\/\/api.w.org\/{rel}","templated":true}]}}