{"id":4057,"date":"2024-06-03T22:58:31","date_gmt":"2024-06-03T20:58:31","guid":{"rendered":"https:\/\/retinaclub.es\/politique-de-confidentialite\/"},"modified":"2026-04-16T21:29:43","modified_gmt":"2026-04-16T19:29:43","slug":"politique-de-confidentialite","status":"publish","type":"page","link":"https:\/\/retinaclub.es\/fr\/politique-de-confidentialite\/","title":{"rendered":"politique de confidentialit\u00e9"},"content":{"rendered":"\n<h3 class=\"wp-block-heading\">Comment les donn\u00e9es sont trait\u00e9es<\/h3>\n\n<p>Nous vous remercions de votre visite et de l&rsquo;int\u00e9r\u00eat que vous portez au projet Retina Club. La protection de vos donn\u00e9es personnelles est primordiale pour nous. C&rsquo;est pourquoi nous souhaitons vous informer ci-dessous sur la mani\u00e8re dont vos donn\u00e9es personnelles sont trait\u00e9es.  <\/p>\n\n<p>Les donn\u00e9es personnelles d\u00e9signent toute information permettant d&rsquo;identifier directement ou indirectement une personne physique. Que cette identification repose sur une seule information ou sur plusieurs, cela n&rsquo;a pas d&rsquo;importance. Plus les informations et les donn\u00e9es sont nombreuses et combinables, plus l&rsquo;identification de la personne est pr\u00e9cise. Les donn\u00e9es personnelles comprennent, par exemple, le nom, l&rsquo;adresse, l&rsquo;\u00e2ge ou l&rsquo;adresse \u00e9lectronique, mais aussi des donn\u00e9es indirectes telles que l&rsquo;adresse IP ou le num\u00e9ro de s\u00e9curit\u00e9 sociale.   <\/p>\n\n<h3 class=\"wp-block-heading\">Responsable du traitement des donn\u00e9es<\/h3>\n\n<p>L\u2019entit\u00e9 responsable du traitement et de la protection de vos donn\u00e9es personnelles est CARL ZEISS MEDITEC IBERIA SA.<\/p>\n\n<p>Pour toute question relative \u00e0 la protection des donn\u00e9es, au traitement de vos donn\u00e9es personnelles ou \u00e0 l\u2019exercice de vos droits, veuillez contacter ZEISS \u00e0 l\u2019adresse, au num\u00e9ro de t\u00e9l\u00e9phone ou \u00e0 l\u2019adresse \u00e9lectronique suivants\u00a0:<\/p>\n\n<p>Adresse : Ronda de Poniente 5, 28760, Tres Cantos, Madrid<\/p>\n\n<p>T\u00e9l\u00e9phone : 912033700<\/p>\n\n<p>Courriel\u00a0: <a href=\"mailto:bajadatospersonales.iberia.es@zeiss.com\">Bajadatospersonales.iberia.es@zeiss.com<\/a><\/p>\n\n<h3 class=\"wp-block-heading\">Droits de la partie int\u00e9ress\u00e9e<\/h3>\n\n<p>La personne concern\u00e9e conserve le contr\u00f4le de toutes les donn\u00e9es personnelles qu&rsquo;elle fournit lorsqu&rsquo;elle consulte le site web ou utilise les services. Elle dispose des droits suivants, qu&rsquo;elle peut exercer gratuitement. <\/p>\n\n<p>1. Droit d&rsquo;acc\u00e8s<\/p>\n\n<p>Vous avez le droit d&rsquo;obtenir \u00e0 tout moment des informations sur vos donn\u00e9es personnelles conserv\u00e9es. Vous pouvez savoir \u00e0 quelles fins vos donn\u00e9es personnelles sont trait\u00e9es, pendant combien de temps elles sont conserv\u00e9es (voir <a href=\"https:\/\/www.zeiss.es\/proteccion-de-datos\/home.html?vaURL=www.zeiss.es\/privacy#storage-duration\">Dur\u00e9e de conservation<\/a> ) et, le cas \u00e9ch\u00e9ant, \u00e0 qui elles sont communiqu\u00e9es (voir <a href=\"https:\/\/www.zeiss.es\/proteccion-de-datos\/home.html?vaURL=www.zeiss.es\/privacy#data-categories\">Cat\u00e9gories de donn\u00e9es<\/a> ). L&rsquo;identit\u00e9 du demandeur doit \u00eatre v\u00e9rifi\u00e9e avant toute communication d&rsquo;informations.  <\/p>\n\n<p>2. Droit de r\u00e9vocation\/d&rsquo;opposition<\/p>\n\n<p>Si vous avez donn\u00e9 votre consentement pour un traitement sp\u00e9cifique de vos donn\u00e9es, vous avez le droit de retirer ce consentement \u00e0 tout moment, avec effet pour l&rsquo;avenir.<\/p>\n\n<p>Dans le cas d&rsquo;un traitement de donn\u00e9es \u00e0 caract\u00e8re personnel effectu\u00e9 dans le cadre d&rsquo;une mise en balance des int\u00e9r\u00eats fond\u00e9e sur un int\u00e9r\u00eat l\u00e9gitime pr\u00e9pond\u00e9rant, la personne concern\u00e9e a le droit de s&rsquo;opposer \u00e0 ce traitement \u00e0 tout moment, avec effet pour l&rsquo;avenir.<\/p>\n\n<p>3. Droit \u00e0 la portabilit\u00e9 des donn\u00e9es<\/p>\n\n<p>Droit de demander le transfert de donn\u00e9es personnelles \u00e0 une autre entit\u00e9.<\/p>\n\n<p>4. Droit de rectification, d\u2019effacement ou de limitation du traitement.<\/p>\n\n<p>Vous avez le droit d&rsquo;obtenir la rectification de vos donn\u00e9es en les compl\u00e9tant par une d\u00e9claration additionnelle\u00a0; vous avez \u00e9galement le droit de demander l&rsquo;effacement des donn\u00e9es qui ne sont plus n\u00e9cessaires aux fins pour lesquelles elles ont \u00e9t\u00e9 collect\u00e9es ou le droit de limiter le traitement de ces donn\u00e9es.<\/p>\n\n<p>5. Droit de r\u00e9clamer<\/p>\n\n<p>Vous avez le droit d&rsquo;introduire une r\u00e9clamation aupr\u00e8s d&rsquo;une autorit\u00e9 de contr\u00f4le ou du d\u00e9l\u00e9gu\u00e9 \u00e0 la protection des donn\u00e9es, si vous disposez de motifs l\u00e9gitimes. Pour exercer vos droits \u00e0 l&rsquo;encontre de la soci\u00e9t\u00e9, veuillez contacter la personne indiqu\u00e9e au d\u00e9but de la pr\u00e9sente notice de protection des donn\u00e9es. <\/p>\n\n<h3 class=\"wp-block-heading\">Cat\u00e9gories de donn\u00e9es et destinataires des donn\u00e9es<\/h3>\n\n<p>1. Quelles cat\u00e9gories de donn\u00e9es sont utilis\u00e9es ?<\/p>\n\n<p>Les cat\u00e9gories de donn\u00e9es personnelles trait\u00e9es comprennent notamment les suivantes\u00a0:<\/p>\n\n<ul class=\"wp-block-list\">\n<li>Vos coordonn\u00e9es, par exemple, vos nom et pr\u00e9nom, adresse, num\u00e9ro(s) de t\u00e9l\u00e9phone, adresse e-mail, etc.<\/li>\n\n\n\n<li>Informations professionnelles, par exemple : lieu de travail, poste occup\u00e9, num\u00e9ro d&rsquo;inscription professionnelle, parcours professionnel, etc.<\/li>\n\n\n\n<li>Votre image, si vous l&rsquo;avez fournie.<\/li>\n<\/ul>\n\n<p>Il convient de pr\u00e9ciser que, dans le cadre de la relation contractuelle concern\u00e9e, la personne concern\u00e9e doit fournir les donn\u00e9es personnelles et les donn\u00e9es relatives \u00e0 son lieu de travail n\u00e9cessaires \u00e0 l&rsquo;\u00e9tablissement, \u00e0 l&rsquo;ex\u00e9cution et \u00e0 la r\u00e9siliation de la relation contractuelle ou de la promesse d&rsquo;ex\u00e9cution et \u00e0 son accomplissement respectif, ou les donn\u00e9es que nous sommes l\u00e9galement tenus de collecter.<\/p>\n\n<p>2. Destinataires des donn\u00e9es personnelles<\/p>\n\n<p>Dans la mesure n\u00e9cessaire, les services qui en ont besoin pour l&rsquo;exercice de leurs fonctions auront acc\u00e8s aux donn\u00e9es personnelles.<\/p>\n\n<p>De plus, vos donn\u00e9es personnelles peuvent \u00eatre partag\u00e9es avec des prestataires de services qui agissent pour notre compte ou pour votre compte. Ces partenaires, rigoureusement s\u00e9lectionn\u00e9s, traitent vos donn\u00e9es personnelles pour le compte de notre soci\u00e9t\u00e9 et conform\u00e9ment \u00e0 nos instructions. Chaque prestataire est tenu de mettre en \u0153uvre des mesures de s\u00e9curit\u00e9 raisonnables et adapt\u00e9es \u00e0 la nature des informations concern\u00e9es afin de prot\u00e9ger vos donn\u00e9es personnelles contre tout acc\u00e8s, utilisation ou divulgation non autoris\u00e9s. Il leur est interdit d&rsquo;utiliser les donn\u00e9es personnelles que nous leur fournissons autrement que selon les modalit\u00e9s que nous avons d\u00e9finies.    <\/p>\n\n<p>3. Transferts vers des pays tiers ou des organisations internationales<\/p>\n\n<p>Les transferts vers des pays situ\u00e9s en dehors de l\u2019Union europ\u00e9enne ou de l\u2019Espace \u00e9conomique europ\u00e9en (\u00ab pays tiers \u00bb) ne sont autoris\u00e9s que dans la mesure n\u00e9cessaire \u00e0 la finalit\u00e9 du traitement. Avant tout transfert de donn\u00e9es personnelles \u00e0 des sous-traitants ou \u00e0 des tiers situ\u00e9s dans des pays tiers, il convient de v\u00e9rifier qu\u2019un m\u00e9canisme de transfert conforme au R\u00e8glement g\u00e9n\u00e9ral sur la protection des donn\u00e9es (RGPD) de l\u2019UE est en place. <\/p>\n\n<ul class=\"wp-block-list\">\n<li>Si le transfert de donn\u00e9es implique des pays tiers s\u00fbrs, il est couvert par une d\u00e9cision d&rsquo;ad\u00e9quation.<\/li>\n\n\n\n<li>Si des donn\u00e9es sont transf\u00e9r\u00e9es vers des pays tiers pr\u00e9sentant un faible niveau de s\u00e9curit\u00e9, ce transfert de donn\u00e9es sera couvert par des clauses contractuelles standard.<\/li>\n<\/ul>\n\n<h3 class=\"wp-block-heading\">Dur\u00e9e de stockage<\/h3>\n\n<ul class=\"wp-block-list\">\n<li>Les donn\u00e9es personnelles seront supprim\u00e9es d\u00e8s qu&rsquo;elles ne seront plus n\u00e9cessaires aux fins pour lesquelles elles ont \u00e9t\u00e9 collect\u00e9es. La loi fixe une dur\u00e9e de conservation des donn\u00e9es, g\u00e9n\u00e9ralement comprise entre 6 et 10 ans, selon le fondement juridique.  <\/li>\n\n\n\n<li>De plus, les donn\u00e9es seront conserv\u00e9es jusqu&rsquo;\u00e0 l&rsquo;expiration des d\u00e9lais de prescription l\u00e9gaux, g\u00e9n\u00e9ralement de trois ans, et aussi longtemps que n\u00e9cessaire pour la constatation, l&rsquo;exercice ou la d\u00e9fense de droits en justice. Par la suite, les donn\u00e9es concern\u00e9es seront syst\u00e9matiquement supprim\u00e9es si elles ne sont plus n\u00e9cessaires aux fins pour lesquelles elles ont \u00e9t\u00e9 collect\u00e9es. <\/li>\n<\/ul>\n\n<h3 class=\"wp-block-heading\">Prise de d\u00e9cision automatis\u00e9e, y compris le profilage<\/h3>\n\n<p>Les donn\u00e9es personnelles collect\u00e9es, par exemple sur les sites web, qui nous aident \u00e0 comprendre les int\u00e9r\u00eats de nos clients ou prospects, peuvent \u00eatre utilis\u00e9es \u00e0 des fins de personnalisation afin de leur proposer des contenus et des informations pertinents. Aucune d\u00e9cision automatis\u00e9e ne sera prise sur la base de ces donn\u00e9es. <\/p>\n\n<p>Vous pouvez vous opposer \u00e0 ce type d&rsquo;utilisation de mani\u00e8re informelle, sans avoir \u00e0 fournir de motifs, \u00e0 tout moment et pour l&rsquo;avenir. Veuillez utiliser le formulaire de contact en bas de cette page. <\/p>\n\n<h3 class=\"wp-block-heading\">Finalit\u00e9s du traitement des donn\u00e9es personnelles<\/h3>\n\n<p>Les donn\u00e9es personnelles ne seront collect\u00e9es et trait\u00e9es qu&rsquo;avec le consentement de la personne concern\u00e9e, ou conform\u00e9ment aux dispositions l\u00e9gales. Ces donn\u00e9es sont g\u00e9n\u00e9ralement obtenues de deux mani\u00e8res\u00a0: soit directement aupr\u00e8s de la personne concern\u00e9e, soit par le biais de la collecte de donn\u00e9es effectu\u00e9e par l&rsquo;entreprise lors de l&rsquo;utilisation de ses produits et services. <\/p>\n\n<p>Pour certains services propos\u00e9s sur nos sites web, la collecte de donn\u00e9es personnelles est n\u00e9cessaire. Le traitement de ces donn\u00e9es repose soit sur votre consentement, conform\u00e9ment \u00e0 l&rsquo;article 6, paragraphe 1, point a), du RGPD, soit sur la protection des int\u00e9r\u00eats l\u00e9gitimes de ZEISS, conform\u00e9ment \u00e0 l&rsquo;article 6, paragraphe 1, point f), du RGPD. <\/p>\n\n<p>En r\u00e8gle g\u00e9n\u00e9rale, vous pouvez utiliser notre site web sans nous fournir d&rsquo;informations personnelles. Font exception les cookies techniquement n\u00e9cessaires, indispensables au fonctionnement du site. Pour en savoir plus, consultez la section \u00ab\u00a0Utilisation des cookies\u00a0\u00bb.  <\/p>\n\n<p>Pour soumettre une \u00e9tude de cas sur notre site web, nous vous demanderons des informations personnelles telles que votre nom et votre adresse \u00e9lectronique afin de pouvoir vous contacter. Nous pourrons \u00e9galement recueillir d&rsquo;autres coordonn\u00e9es, comme votre num\u00e9ro de t\u00e9l\u00e9phone ou votre adresse postale, ainsi que toute autre information nous permettant de vous contacter, de publier l&rsquo;\u00e9tude de cas avec vos informations d&rsquo;auteur et de cr\u00e9er un profil public de co-auteur \u00e0 votre nom dans la section appropri\u00e9e du site web. Le traitement de ces donn\u00e9es est fond\u00e9 sur votre consentement, conform\u00e9ment \u00e0 l&rsquo;article 6, paragraphe 1, point a) du RGPD. <\/p>\n\n<p>Si vous avez des questions concernant un ou plusieurs objectifs du traitement, n&rsquo;h\u00e9sitez pas \u00e0 nous contacter.<\/p>\n\n<h3 class=\"wp-block-heading\"><u>Utilisation des cookies<\/u><\/h3>\n\n<p><strong>Cookies, suivi de site web et analyse web<\/strong><\/p>\n\n<p>Nous utilisons des cookies et des technologies similaires (ci-apr\u00e8s collectivement d\u00e9nomm\u00e9s \u00ab\u00a0cookies\u00a0\u00bb) \u00e0 diverses fins. Les cookies sont des fichiers texte cr\u00e9\u00e9s automatiquement par votre navigateur et stock\u00e9s sur votre terminal (ordinateur, tablette, smartphone, etc.). <\/p>\n\n<p>Ces informations peuvent \u00eatre stock\u00e9es dans des cookies g\u00e9n\u00e9r\u00e9s par l&rsquo;appareil terminal concern\u00e9. Leur finalit\u00e9 d\u00e9pend du type de cookie. Les cookies sont class\u00e9s dans les cat\u00e9gories suivantes.  <\/p>\n\n<p><strong>Cookies techniquement n\u00e9cessaires<\/strong><\/p>\n\n<p>Les cookies techniquement n\u00e9cessaires sont indispensables au fonctionnement de base d&rsquo;un site web, par exemple pour m\u00e9moriser votre consentement ou votre refus d&rsquo;utiliser des cookies, votre choix de langue d&rsquo;affichage et autres actions similaires. Le traitement de ces donn\u00e9es repose sur notre int\u00e9r\u00eat l\u00e9gitime, conform\u00e9ment \u00e0 l&rsquo;article 6, paragraphe 1, point f) du R\u00e8glement g\u00e9n\u00e9ral sur la protection des donn\u00e9es (RGPD). <\/p>\n\n<p><strong>Cookies statistiques<\/strong><\/p>\n\n<p>Les cookies de cette cat\u00e9gorie enregistrent des informations statistiques relatives \u00e0 votre visite afin d&rsquo;optimiser les performances du site web en fonction de votre comportement d&rsquo;utilisateur anonyme, notamment les pages consult\u00e9es et leur fr\u00e9quence de consultation, les pages de provenance des visiteurs, les temps de chargement et autres facteurs similaires. Ce traitement de donn\u00e9es est fond\u00e9 sur votre consentement, conform\u00e9ment \u00e0 l&rsquo;article 6, paragraphe 1, point a) du RGPD. <\/p>\n\n<p><strong>Cookies fonctionnels<\/strong><\/p>\n\n<p>Les cookies de cette cat\u00e9gorie nous permettent de vous proposer des fonctionnalit\u00e9s avanc\u00e9es. Ces fonctionnalit\u00e9s peuvent \u00eatre fournies par nous ou par des tiers dont nous avons int\u00e9gr\u00e9 les services \u00e0 nos pages. Si vous refusez l&rsquo;utilisation de ces technologies, certains ou tous ces services risquent de ne pas fonctionner correctement. Les cookies fonctionnels sont utilis\u00e9s, par exemple, pour activer certaines fonctionnalit\u00e9s du site web, comme la lecture de vid\u00e9os ou l&rsquo;int\u00e9gration d&rsquo;un service de cartographie. Ces cookies collectent des informations anonymes et ne permettent pas de suivre votre navigation sur d&rsquo;autres sites web. Ce traitement de donn\u00e9es est fond\u00e9 sur votre consentement, conform\u00e9ment \u00e0 l&rsquo;article 6, paragraphe 1, point a) du RGPD.     <\/p>\n\n<p><strong>Cookies marketing<\/strong><\/p>\n\n<p>Les cookies de cette cat\u00e9gorie nous permettent de personnaliser votre exp\u00e9rience sur notre site web. \u00c0 cette fin, nous collectons des informations afin de mieux comprendre nos publics cibles et de leur proposer un contenu plus pertinent et adapt\u00e9 \u00e0 leurs centres d&rsquo;int\u00e9r\u00eat. Ils servent \u00e9galement \u00e0 mesurer l&rsquo;efficacit\u00e9 de nos campagnes promotionnelles. Ces cookies peuvent suivre votre navigation sur d&rsquo;autres sites web, collecter des informations personnelles vous concernant et analyser vos visites et votre activit\u00e9 sur notre site afin de cr\u00e9er des profils personnalis\u00e9s. Ces donn\u00e9es peuvent \u00eatre partag\u00e9es avec des tiers, tels que des annonceurs, et utilis\u00e9es pour afficher des publicit\u00e9s cibl\u00e9es. Ce traitement de donn\u00e9es est fond\u00e9 sur votre consentement, conform\u00e9ment \u00e0 l&rsquo;article 6, paragraphe 1, point a) du RGPD.     <\/p>\n\n<p><strong>Cookies des r\u00e9seaux sociaux<\/strong><\/p>\n\n<p>Ces types de cookies sont utilis\u00e9s par certains services de r\u00e9seaux sociaux que nous avons int\u00e9gr\u00e9s \u00e0 notre site web afin de vous permettre de partager du contenu avec vos amis et vos r\u00e9seaux. Ces cookies peuvent suivre votre navigation sur d&rsquo;autres sites web et \u00e9tablir un profil de vos centres d&rsquo;int\u00e9r\u00eat. Cela peut influencer le contenu et les messages que vous voyez sur les autres sites web que vous consultez. Si vous refusez l&rsquo;utilisation de ces cookies, vous risquez de ne pas pouvoir utiliser ou visualiser ces outils de partage. Ce traitement de donn\u00e9es est fond\u00e9 sur votre consentement, conform\u00e9ment \u00e0 l&rsquo;article 6, paragraphe 1, point a) du RGPD.    <\/p>\n\n<hr class=\"wp-block-separator has-alpha-channel-opacity\"\/>\n\n<p><\/p>\n","protected":false},"excerpt":{"rendered":"<p>Comment les donn\u00e9es sont trait\u00e9es Nous vous remercions de votre visite et de l&rsquo;int\u00e9r\u00eat que vous portez au projet Retina Club. La protection de vos donn\u00e9es personnelles est primordiale pour nous. C&rsquo;est pourquoi nous souhaitons vous informer ci-dessous sur la mani\u00e8re dont vos donn\u00e9es personnelles sont trait\u00e9es. Les donn\u00e9es personnelles d\u00e9signent toute information permettant d&rsquo;identifier [&hellip;]<\/p>\n","protected":false},"author":1,"featured_media":0,"parent":0,"menu_order":0,"comment_status":"closed","ping_status":"open","template":"","meta":{"footnotes":""},"class_list":["post-4057","page","type-page","status-publish","hentry"],"yoast_head":"<!-- This site is optimized with the Yoast SEO plugin v27.4 - https:\/\/yoast.com\/product\/yoast-seo-wordpress\/ -->\n<title>politique de confidentialit\u00e9 - Retina Club<\/title>\n<meta name=\"robots\" content=\"index, follow, max-snippet:-1, max-image-preview:large, max-video-preview:-1\" \/>\n<link rel=\"canonical\" href=\"https:\/\/retinaclub.es\/fr\/politique-de-confidentialite\/\" \/>\n<meta property=\"og:locale\" content=\"fr_FR\" \/>\n<meta property=\"og:type\" content=\"article\" \/>\n<meta property=\"og:title\" content=\"politique de confidentialit\u00e9 - Retina Club\" \/>\n<meta property=\"og:description\" content=\"Comment les donn\u00e9es sont trait\u00e9es Nous vous remercions de votre visite et de l&rsquo;int\u00e9r\u00eat que vous portez au projet Retina Club. La protection de vos donn\u00e9es personnelles est primordiale pour nous. C&rsquo;est pourquoi nous souhaitons vous informer ci-dessous sur la mani\u00e8re dont vos donn\u00e9es personnelles sont trait\u00e9es. Les donn\u00e9es personnelles d\u00e9signent toute information permettant d&rsquo;identifier [&hellip;]\" \/>\n<meta property=\"og:url\" content=\"https:\/\/retinaclub.es\/fr\/politique-de-confidentialite\/\" \/>\n<meta property=\"og:site_name\" content=\"Retina Club\" \/>\n<meta property=\"article:modified_time\" content=\"2026-04-16T19:29:43+00:00\" \/>\n<meta name=\"twitter:card\" content=\"summary_large_image\" \/>\n<meta name=\"twitter:label1\" content=\"Dur\u00e9e de lecture estim\u00e9e\" \/>\n\t<meta name=\"twitter:data1\" content=\"11 minutes\" \/>\n<script type=\"application\/ld+json\" class=\"yoast-schema-graph\">{\"@context\":\"https:\\\/\\\/schema.org\",\"@graph\":[{\"@type\":\"WebPage\",\"@id\":\"https:\\\/\\\/retinaclub.es\\\/fr\\\/politique-de-confidentialite\\\/\",\"url\":\"https:\\\/\\\/retinaclub.es\\\/fr\\\/politique-de-confidentialite\\\/\",\"name\":\"politique de confidentialit\u00e9 - Retina Club\",\"isPartOf\":{\"@id\":\"https:\\\/\\\/retinaclub.es\\\/fr\\\/#website\"},\"datePublished\":\"2024-06-03T20:58:31+00:00\",\"dateModified\":\"2026-04-16T19:29:43+00:00\",\"breadcrumb\":{\"@id\":\"https:\\\/\\\/retinaclub.es\\\/fr\\\/politique-de-confidentialite\\\/#breadcrumb\"},\"inLanguage\":\"fr-FR\",\"potentialAction\":[{\"@type\":\"ReadAction\",\"target\":[\"https:\\\/\\\/retinaclub.es\\\/fr\\\/politique-de-confidentialite\\\/\"]}]},{\"@type\":\"BreadcrumbList\",\"@id\":\"https:\\\/\\\/retinaclub.es\\\/fr\\\/politique-de-confidentialite\\\/#breadcrumb\",\"itemListElement\":[{\"@type\":\"ListItem\",\"position\":1,\"name\":\"Portada\",\"item\":\"https:\\\/\\\/retinaclub.es\\\/fr\\\/commencer\\\/\"},{\"@type\":\"ListItem\",\"position\":2,\"name\":\"politique de confidentialit\u00e9\"}]},{\"@type\":\"WebSite\",\"@id\":\"https:\\\/\\\/retinaclub.es\\\/fr\\\/#website\",\"url\":\"https:\\\/\\\/retinaclub.es\\\/fr\\\/\",\"name\":\"Retina Club\",\"description\":\"\",\"publisher\":{\"@id\":\"https:\\\/\\\/retinaclub.es\\\/fr\\\/#organization\"},\"potentialAction\":[{\"@type\":\"SearchAction\",\"target\":{\"@type\":\"EntryPoint\",\"urlTemplate\":\"https:\\\/\\\/retinaclub.es\\\/fr\\\/?s={search_term_string}\"},\"query-input\":{\"@type\":\"PropertyValueSpecification\",\"valueRequired\":true,\"valueName\":\"search_term_string\"}}],\"inLanguage\":\"fr-FR\"},{\"@type\":\"Organization\",\"@id\":\"https:\\\/\\\/retinaclub.es\\\/fr\\\/#organization\",\"name\":\"Retina Club\",\"url\":\"https:\\\/\\\/retinaclub.es\\\/fr\\\/\",\"logo\":{\"@type\":\"ImageObject\",\"inLanguage\":\"fr-FR\",\"@id\":\"https:\\\/\\\/retinaclub.es\\\/fr\\\/#\\\/schema\\\/logo\\\/image\\\/\",\"url\":\"https:\\\/\\\/retinaclub.es\\\/wp-content\\\/uploads\\\/2024\\\/07\\\/cropped-favicon.png\",\"contentUrl\":\"https:\\\/\\\/retinaclub.es\\\/wp-content\\\/uploads\\\/2024\\\/07\\\/cropped-favicon.png\",\"width\":512,\"height\":512,\"caption\":\"Retina Club\"},\"image\":{\"@id\":\"https:\\\/\\\/retinaclub.es\\\/fr\\\/#\\\/schema\\\/logo\\\/image\\\/\"}}]}<\/script>\n<!-- \/ Yoast SEO plugin. -->","yoast_head_json":{"title":"politique de confidentialit\u00e9 - Retina Club","robots":{"index":"index","follow":"follow","max-snippet":"max-snippet:-1","max-image-preview":"max-image-preview:large","max-video-preview":"max-video-preview:-1"},"canonical":"https:\/\/retinaclub.es\/fr\/politique-de-confidentialite\/","og_locale":"fr_FR","og_type":"article","og_title":"politique de confidentialit\u00e9 - Retina Club","og_description":"Comment les donn\u00e9es sont trait\u00e9es Nous vous remercions de votre visite et de l&rsquo;int\u00e9r\u00eat que vous portez au projet Retina Club. La protection de vos donn\u00e9es personnelles est primordiale pour nous. C&rsquo;est pourquoi nous souhaitons vous informer ci-dessous sur la mani\u00e8re dont vos donn\u00e9es personnelles sont trait\u00e9es. Les donn\u00e9es personnelles d\u00e9signent toute information permettant d&rsquo;identifier [&hellip;]","og_url":"https:\/\/retinaclub.es\/fr\/politique-de-confidentialite\/","og_site_name":"Retina Club","article_modified_time":"2026-04-16T19:29:43+00:00","twitter_card":"summary_large_image","twitter_misc":{"Dur\u00e9e de lecture estim\u00e9e":"11 minutes"},"schema":{"@context":"https:\/\/schema.org","@graph":[{"@type":"WebPage","@id":"https:\/\/retinaclub.es\/fr\/politique-de-confidentialite\/","url":"https:\/\/retinaclub.es\/fr\/politique-de-confidentialite\/","name":"politique de confidentialit\u00e9 - Retina Club","isPartOf":{"@id":"https:\/\/retinaclub.es\/fr\/#website"},"datePublished":"2024-06-03T20:58:31+00:00","dateModified":"2026-04-16T19:29:43+00:00","breadcrumb":{"@id":"https:\/\/retinaclub.es\/fr\/politique-de-confidentialite\/#breadcrumb"},"inLanguage":"fr-FR","potentialAction":[{"@type":"ReadAction","target":["https:\/\/retinaclub.es\/fr\/politique-de-confidentialite\/"]}]},{"@type":"BreadcrumbList","@id":"https:\/\/retinaclub.es\/fr\/politique-de-confidentialite\/#breadcrumb","itemListElement":[{"@type":"ListItem","position":1,"name":"Portada","item":"https:\/\/retinaclub.es\/fr\/commencer\/"},{"@type":"ListItem","position":2,"name":"politique de confidentialit\u00e9"}]},{"@type":"WebSite","@id":"https:\/\/retinaclub.es\/fr\/#website","url":"https:\/\/retinaclub.es\/fr\/","name":"Retina Club","description":"","publisher":{"@id":"https:\/\/retinaclub.es\/fr\/#organization"},"potentialAction":[{"@type":"SearchAction","target":{"@type":"EntryPoint","urlTemplate":"https:\/\/retinaclub.es\/fr\/?s={search_term_string}"},"query-input":{"@type":"PropertyValueSpecification","valueRequired":true,"valueName":"search_term_string"}}],"inLanguage":"fr-FR"},{"@type":"Organization","@id":"https:\/\/retinaclub.es\/fr\/#organization","name":"Retina Club","url":"https:\/\/retinaclub.es\/fr\/","logo":{"@type":"ImageObject","inLanguage":"fr-FR","@id":"https:\/\/retinaclub.es\/fr\/#\/schema\/logo\/image\/","url":"https:\/\/retinaclub.es\/wp-content\/uploads\/2024\/07\/cropped-favicon.png","contentUrl":"https:\/\/retinaclub.es\/wp-content\/uploads\/2024\/07\/cropped-favicon.png","width":512,"height":512,"caption":"Retina Club"},"image":{"@id":"https:\/\/retinaclub.es\/fr\/#\/schema\/logo\/image\/"}}]}},"_links":{"self":[{"href":"https:\/\/retinaclub.es\/fr\/wp-json\/wp\/v2\/pages\/4057","targetHints":{"allow":["GET"]}}],"collection":[{"href":"https:\/\/retinaclub.es\/fr\/wp-json\/wp\/v2\/pages"}],"about":[{"href":"https:\/\/retinaclub.es\/fr\/wp-json\/wp\/v2\/types\/page"}],"author":[{"embeddable":true,"href":"https:\/\/retinaclub.es\/fr\/wp-json\/wp\/v2\/users\/1"}],"replies":[{"embeddable":true,"href":"https:\/\/retinaclub.es\/fr\/wp-json\/wp\/v2\/comments?post=4057"}],"version-history":[{"count":1,"href":"https:\/\/retinaclub.es\/fr\/wp-json\/wp\/v2\/pages\/4057\/revisions"}],"predecessor-version":[{"id":4059,"href":"https:\/\/retinaclub.es\/fr\/wp-json\/wp\/v2\/pages\/4057\/revisions\/4059"}],"wp:attachment":[{"href":"https:\/\/retinaclub.es\/fr\/wp-json\/wp\/v2\/media?parent=4057"}],"curies":[{"name":"wp","href":"https:\/\/api.w.org\/{rel}","templated":true}]}}