{"id":3187,"date":"2024-11-12T18:56:02","date_gmt":"2024-11-12T17:56:02","guid":{"rendered":"https:\/\/retinaclub.es\/condicoes-de-utilizacao\/"},"modified":"2026-02-04T15:54:54","modified_gmt":"2026-02-04T14:54:54","slug":"condicoes-de-utilizacao","status":"publish","type":"page","link":"https:\/\/retinaclub.es\/pt-pt\/condicoes-de-utilizacao\/","title":{"rendered":"Condi\u00e7\u00f5es de utiliza\u00e7\u00e3o"},"content":{"rendered":"\n<p>Este Web Site (o &#8220;Web Site&#8221;) \u00e9 operado pela Carl Zeiss Meditec Iberia S.A. (&#8220;Zeiss&#8221;), registada em Espanha com o CIF A28058337, no Registo Comercial de Madrid, Volume 10383, F\u00f3lio 134, P\u00e1gina M-165113, com sede social em Ronda de Poniente 5, 28760, Tres Cantos (Espanha). Para efeitos dos presentes termos de utiliza\u00e7\u00e3o, os termos &#8220;nosso&#8221;, &#8220;nos&#8221; ou &#8220;n\u00f3s&#8221; referem-se \u00e0 Zeiss Meditec Iberia.  <\/p>\n\n<p>Este s\u00edtio Web n\u00e3o se destina a pessoas com idade inferior a 18 anos e destina-se especificamente a ser utilizado por profissionais de sa\u00fade para uso profissional.  <\/p>\n\n<p><strong>Acesso ao s\u00edtio Web<\/strong><\/p>\n\n<p>Estes termos de utiliza\u00e7\u00e3o aplicam-se a todo o conte\u00fado do s\u00edtio Web. Ao utilizares o nosso S\u00edtio Web, reconheces e concordas com estes Termos de Utiliza\u00e7\u00e3o, bem como com a tua concord\u00e2ncia com a pol\u00edtica de privacidade do s\u00edtio, que faz parte integrante destes Termos de Utiliza\u00e7\u00e3o. Se n\u00e3o concordares com estes termos, n\u00e3o utilizes o S\u00edtio.  <\/p>\n\n<p>O conte\u00fado do s\u00edtio Web destina-se apenas a fins informativos, para utiliza\u00e7\u00e3o por profissionais de sa\u00fade.<\/p>\n\n<p><strong>Direitos de propriedade intelectual<\/strong><\/p>\n\n<p>Todas as marcas registadas neste s\u00edtio Web s\u00e3o propriedade do Grupo Zeiss, salvo indica\u00e7\u00e3o em contr\u00e1rio ou se forem consideradas direitos de terceiros. Qualquer utiliza\u00e7\u00e3o n\u00e3o autorizada destas marcas registadas ou de outros materiais \u00e9 expressamente proibida e qualquer utiliza\u00e7\u00e3o n\u00e3o autorizada constitui uma viola\u00e7\u00e3o dos direitos de propriedade intelectual e da legisla\u00e7\u00e3o aplic\u00e1vel. <br\/><br\/>A Zeiss \u00e9 a propriet\u00e1ria ou a licenciada de todos os direitos de propriedade intelectual (incluindo todos os direitos de autor) em todos os textos, gr\u00e1ficos e c\u00f3digos do site, no seu design geral e na sele\u00e7\u00e3o, disposi\u00e7\u00e3o e apresenta\u00e7\u00e3o de todos os materiais do site. Podemos revogar a licen\u00e7a de utiliza\u00e7\u00e3o do conte\u00fado do s\u00edtio em qualquer altura. O conte\u00fado n\u00e3o pode ser copiado, exceto para o teu uso pessoal e n\u00e3o comercial, sem remo\u00e7\u00e3o dos direitos de autor ou outros avisos de propriedade. Exceto quando expressamente previsto no S\u00edtio, n\u00e3o podes copiar, publicar, transferir, modificar, reproduzir ou retransmitir o Conte\u00fado ou qualquer parte do mesmo, seja de que forma for, sem o consentimento pr\u00e9vio por escrito do propriet\u00e1rio do S\u00edtio.   <\/p>\n\n<p>O conte\u00fado do s\u00edtio est\u00e1 protegido por todas as leis, regulamentos e tratados nacionais ou internacionais aplic\u00e1veis, incluindo, mas n\u00e3o se limitando a, leis de direitos de autor e leis de marcas registadas.<\/p>\n\n<p><strong>Publica\u00e7\u00f5es &#8211; Casos, imagens e v\u00eddeos<\/strong><\/p>\n\n<p>O Utilizador pode submeter casos, imagens e\/ou conte\u00fados de v\u00eddeo (&#8220;Casos de Utilizador&#8221;) para an\u00e1lise por um Comit\u00e9 de Peritos e publica\u00e7\u00e3o no Website. O Utilizador det\u00e9m os direitos sobre os Casos de Utiliza\u00e7\u00e3o, mas concede \u00e0 Zeiss, ao submeter os Casos de Utiliza\u00e7\u00e3o, uma licen\u00e7a gratuita, ilimitada, mundial e n\u00e3o exclusiva para utilizar, reproduzir e exibir os Casos de Utiliza\u00e7\u00e3o, e uma licen\u00e7a para produzir material escrito ou audiovisual derivado dos Casos de Utiliza\u00e7\u00e3o em qualquer formato, e renuncia a quaisquer direitos legais ou recursos que possa ter contra a Zeiss em rela\u00e7\u00e3o aos Casos de Utiliza\u00e7\u00e3o publicados no Website. <\/p>\n\n<p>O Utilizador reconhece e aceita ser o \u00fanico respons\u00e1vel pelos Casos de Utiliza\u00e7\u00e3o por ele apresentados e pelas consequ\u00eancias da sua apresenta\u00e7\u00e3o e publica\u00e7\u00e3o, excluindo expressamente a Zeiss de qualquer responsabilidade relacionada com os mesmos.<\/p>\n\n<p>O Utilizador declara ser o detentor de todos os direitos, licen\u00e7as, autoriza\u00e7\u00f5es e consentimentos necess\u00e1rios para que a Zeiss utilize e\/ou publique os seus Casos de Utilizador. Al\u00e9m disso, o Utilizador compromete-se a n\u00e3o enviar e\/ou publicar qualquer caso, imagem ou v\u00eddeo que possa infringir os direitos de terceiros, a menos que o titular desses direitos tenha concedido autoriza\u00e7\u00e3o formal para o referido envio e publica\u00e7\u00e3o. Esta autoriza\u00e7\u00e3o deve incluir, a favor da Zeiss, os direitos de licen\u00e7a referidos na presente Condi\u00e7\u00e3o Geral. Al\u00e9m disso, o Utilizador est\u00e1 ciente de que o envio de casos n\u00e3o deve conter dados pessoais dos doentes, de acordo com a regulamenta\u00e7\u00e3o em vigor em mat\u00e9ria de prote\u00e7\u00e3o de dados e publicidade na \u00e1rea da sa\u00fade.   <\/p>\n\n<p>O Utilizador aceita que a Zeiss e\/ou o Comit\u00e9 de Peritos respons\u00e1vel pela an\u00e1lise dos Casos de Utilizador possam contactar o Utilizador para comentar e analisar o caso e avaliar a sua publica\u00e7\u00e3o, podendo solicitar dados adicionais para a cria\u00e7\u00e3o de um ficheiro de coautoria, que ser\u00e1 ent\u00e3o publicado no S\u00edtio Web.<\/p>\n\n<p>A Zeiss reserva-se o direito de eliminar imagens, v\u00eddeos ou casos que sejam contr\u00e1rios \u00e0 legisla\u00e7\u00e3o em vigor, \u00e0s presentes Condi\u00e7\u00f5es Gerais, aos bons costumes, \u00e0 moral e \u00e0 ordem p\u00fablica.<\/p>\n\n<p>Se forneceres informa\u00e7\u00f5es quando utilizares os Nossos Servi\u00e7os, essas informa\u00e7\u00f5es devem ser verdadeiras e completas. Reservamo-nos o direito de verificar a tua identidade ou qualquer informa\u00e7\u00e3o que forne\u00e7as. <br\/><br\/><\/p>\n\n<p><strong>Liga\u00e7\u00f5es de terceiros<\/strong><\/p>\n\n<p>O s\u00edtio pode conter liga\u00e7\u00f5es a s\u00edtios Web de terceiros. Nesse caso, a nossa empresa n\u00e3o tem qualquer controlo sobre o conte\u00fado desses s\u00edtios Web e n\u00e3o \u00e9 respons\u00e1vel pelas informa\u00e7\u00f5es contidas nessas liga\u00e7\u00f5es. Se seguires uma liga\u00e7\u00e3o para qualquer um desses s\u00edtios, tem em aten\u00e7\u00e3o que estes podem ter as suas pr\u00f3prias pol\u00edticas de privacidade e que n\u00e3o aceitamos qualquer responsabilidade ou obriga\u00e7\u00e3o por essas pol\u00edticas e n\u00e3o somos respons\u00e1veis por esses s\u00edtios. Verifica a pol\u00edtica de cada s\u00edtio antes de submeteres quaisquer dados pessoais.   <br\/><br\/><\/p>\n\n<p><strong>Utilizadores internacionais<\/strong><\/p>\n\n<p>O S\u00edtio Web foi desenvolvido em conformidade com a legisla\u00e7\u00e3o espanhola, destinando-se a uma utiliza\u00e7\u00e3o dom\u00e9stica em Espanha. Qualquer acesso ou descarregamento de conte\u00fados fora de Espanha \u00e9 da responsabilidade do utilizador, que deve assegurar-se de que est\u00e1 a agir em conformidade com a legisla\u00e7\u00e3o local aplic\u00e1vel. <\/p>\n\n<p><strong>Responsabilidade limitada<\/strong><\/p>\n\n<p>A Zeiss compilou as informa\u00e7\u00f5es detalhadas fornecidas neste s\u00edtio Web a partir de fontes internas e externas, de acordo com o seu melhor conhecimento e convic\u00e7\u00e3o, utilizando a devida dilig\u00eancia profissional, apenas para fins informativos. No entanto, n\u00e3o \u00e9 feita qualquer representa\u00e7\u00e3o ou garantia, expressa ou impl\u00edcita, quanto \u00e0 integridade ou corre\u00e7\u00e3o das informa\u00e7\u00f5es contidas neste s\u00edtio Web, e estas podem estar desactualizadas. Por conseguinte, recomendamos que verifiques as informa\u00e7\u00f5es que obtiveres neste s\u00edtio Web antes de as utilizares de qualquer forma. Os utilizadores deste website declaram que aceitam aceder ao website e ao seu conte\u00fado por sua pr\u00f3pria conta e risco. Nem a Zeiss nem qualquer terceiro envolvido na edi\u00e7\u00e3o, produ\u00e7\u00e3o ou transmiss\u00e3o deste s\u00edtio Web assumem qualquer responsabilidade por danos ou les\u00f5es resultantes do acesso ou impossibilidade de acesso ou utiliza\u00e7\u00e3o ou impossibilidade de utiliza\u00e7\u00e3o deste s\u00edtio Web ou da confian\u00e7a nas informa\u00e7\u00f5es fornecidas neste s\u00edtio Web.    <\/p>\n\n<p><strong>Altera\u00e7\u00f5es ao s\u00edtio Web<\/strong><\/p>\n\n<p>No processo de melhoria cont\u00ednua dos nossos servi\u00e7os e de adapta\u00e7\u00e3o aos avan\u00e7os legislativos e tecnol\u00f3gicos que possam surgir, este S\u00edtio Web pode ser modificado, acrescentando ou eliminando funcionalidades e carater\u00edsticas do mesmo. Neste sentido, reservamo-nos o direito de descontinuar ou fazer modifica\u00e7\u00f5es, no todo ou em parte, neste s\u00edtio Web ou nas Condi\u00e7\u00f5es de utiliza\u00e7\u00e3o. Recomendamos que consultes esta p\u00e1gina com frequ\u00eancia.  <\/p>\n\n<p>A Zeiss pode remover o site RetinaClub, com ou sem motivo, em qualquer altura, com ou sem aviso pr\u00e9vio e sem responsabilidade para com a Zeiss.<\/p>\n\n<p><strong>Manuten\u00e7\u00e3o e seguran\u00e7a do s\u00edtio Web<\/strong><\/p>\n\n<p>O Site pode estar indispon\u00edvel ocasionalmente devido a manuten\u00e7\u00e3o ou mau funcionamento ou por outras raz\u00f5es fora do nosso controlo, e n\u00e3o assumimos qualquer responsabilidade por tais falhas, atrasos ou interrup\u00e7\u00f5es.<br\/><br\/>Tomaremos todas as medidas razo\u00e1veis ao nosso alcance para proteger o Site contra v\u00edrus inform\u00e1ticos, worms, cavalos de Troia e outras amea\u00e7as \u00e0 seguran\u00e7a. No entanto, n\u00e3o garantimos que o Site esteja totalmente protegido contra programas inform\u00e1ticos nocivos e declinamos qualquer responsabilidade por qualquer perda resultante de tais programas atrav\u00e9s do Site ou de ficheiros transferidos do Site. <br\/><br\/><\/p>\n\n<p><strong>Legisla\u00e7\u00e3o aplic\u00e1vel<\/strong><\/p>\n\n<p>A resolu\u00e7\u00e3o de qualquer lit\u00edgio ou diverg\u00eancia relacionada com o acesso ou utiliza\u00e7\u00e3o deste s\u00edtio Web ser\u00e1 regida pela legisla\u00e7\u00e3o espanhola, sendo exclusivamente competentes os Julgados e Tribunais da cidade de Madrid.<\/p>\n\n<p>Se qualquer disposi\u00e7\u00e3o das presentes condi\u00e7\u00f5es for considerada ilegal, nula ou inaplic\u00e1vel por um tribunal de jurisdi\u00e7\u00e3o competente, ser\u00e1 modificada de modo a torn\u00e1-la v\u00e1lida e aplic\u00e1vel na medida do poss\u00edvel.<\/p>\n\n<p><strong>Contacto<\/strong><\/p>\n\n<p>Se o Utilizador tiver alguma quest\u00e3o sobre os presentes Termos e Condi\u00e7\u00f5es ou algum coment\u00e1rio sobre o S\u00edtio Web, contacta <a href=\"mailto:zeiss.comunicacion@zeiss.com\">zeiss.comunicacion@zeiss.com.<\/a><\/p>\n","protected":false},"excerpt":{"rendered":"<p>Este Web Site (o &#8220;Web Site&#8221;) \u00e9 operado pela Carl Zeiss Meditec Iberia S.A. (&#8220;Zeiss&#8221;), registada em Espanha com o CIF A28058337, no Registo Comercial de Madrid, Volume 10383, F\u00f3lio 134, P\u00e1gina M-165113, com sede social em Ronda de Poniente 5, 28760, Tres Cantos (Espanha). Para efeitos dos presentes termos de utiliza\u00e7\u00e3o, os termos &#8220;nosso&#8221;, [&hellip;]<\/p>\n","protected":false},"author":1,"featured_media":0,"parent":0,"menu_order":0,"comment_status":"closed","ping_status":"closed","template":"","meta":{"footnotes":""},"class_list":["post-3187","page","type-page","status-publish","hentry"],"yoast_head":"<!-- This site is optimized with the Yoast SEO plugin v27.4 - https:\/\/yoast.com\/product\/yoast-seo-wordpress\/ -->\n<title>Condi\u00e7\u00f5es de utiliza\u00e7\u00e3o - Retina Club<\/title>\n<meta name=\"robots\" content=\"index, follow, max-snippet:-1, max-image-preview:large, max-video-preview:-1\" \/>\n<link rel=\"canonical\" href=\"https:\/\/retinaclub.es\/pt-pt\/condicoes-de-utilizacao\/\" \/>\n<meta property=\"og:locale\" content=\"pt_PT\" \/>\n<meta property=\"og:type\" content=\"article\" \/>\n<meta property=\"og:title\" content=\"Condi\u00e7\u00f5es de utiliza\u00e7\u00e3o - Retina Club\" \/>\n<meta property=\"og:description\" content=\"Este Web Site (o &#8220;Web Site&#8221;) \u00e9 operado pela Carl Zeiss Meditec Iberia S.A. (&#8220;Zeiss&#8221;), registada em Espanha com o CIF A28058337, no Registo Comercial de Madrid, Volume 10383, F\u00f3lio 134, P\u00e1gina M-165113, com sede social em Ronda de Poniente 5, 28760, Tres Cantos (Espanha). Para efeitos dos presentes termos de utiliza\u00e7\u00e3o, os termos &#8220;nosso&#8221;, [&hellip;]\" \/>\n<meta property=\"og:url\" content=\"https:\/\/retinaclub.es\/pt-pt\/condicoes-de-utilizacao\/\" \/>\n<meta property=\"og:site_name\" content=\"Retina Club\" \/>\n<meta property=\"article:modified_time\" content=\"2026-02-04T14:54:54+00:00\" \/>\n<meta name=\"twitter:card\" content=\"summary_large_image\" \/>\n<meta name=\"twitter:label1\" content=\"Tempo estimado de leitura\" \/>\n\t<meta name=\"twitter:data1\" content=\"8 minutos\" \/>\n<script type=\"application\/ld+json\" class=\"yoast-schema-graph\">{\"@context\":\"https:\\\/\\\/schema.org\",\"@graph\":[{\"@type\":\"WebPage\",\"@id\":\"https:\\\/\\\/retinaclub.es\\\/pt-pt\\\/condicoes-de-utilizacao\\\/\",\"url\":\"https:\\\/\\\/retinaclub.es\\\/pt-pt\\\/condicoes-de-utilizacao\\\/\",\"name\":\"Condi\u00e7\u00f5es de utiliza\u00e7\u00e3o - Retina Club\",\"isPartOf\":{\"@id\":\"https:\\\/\\\/retinaclub.es\\\/pt-pt\\\/#website\"},\"datePublished\":\"2024-11-12T17:56:02+00:00\",\"dateModified\":\"2026-02-04T14:54:54+00:00\",\"breadcrumb\":{\"@id\":\"https:\\\/\\\/retinaclub.es\\\/pt-pt\\\/condicoes-de-utilizacao\\\/#breadcrumb\"},\"inLanguage\":\"pt-PT\",\"potentialAction\":[{\"@type\":\"ReadAction\",\"target\":[\"https:\\\/\\\/retinaclub.es\\\/pt-pt\\\/condicoes-de-utilizacao\\\/\"]}]},{\"@type\":\"BreadcrumbList\",\"@id\":\"https:\\\/\\\/retinaclub.es\\\/pt-pt\\\/condicoes-de-utilizacao\\\/#breadcrumb\",\"itemListElement\":[{\"@type\":\"ListItem\",\"position\":1,\"name\":\"Portada\",\"item\":\"https:\\\/\\\/retinaclub.es\\\/pt-pt\\\/casa\\\/\"},{\"@type\":\"ListItem\",\"position\":2,\"name\":\"Condi\u00e7\u00f5es de utiliza\u00e7\u00e3o\"}]},{\"@type\":\"WebSite\",\"@id\":\"https:\\\/\\\/retinaclub.es\\\/pt-pt\\\/#website\",\"url\":\"https:\\\/\\\/retinaclub.es\\\/pt-pt\\\/\",\"name\":\"Retina Club\",\"description\":\"\",\"publisher\":{\"@id\":\"https:\\\/\\\/retinaclub.es\\\/pt-pt\\\/#organization\"},\"potentialAction\":[{\"@type\":\"SearchAction\",\"target\":{\"@type\":\"EntryPoint\",\"urlTemplate\":\"https:\\\/\\\/retinaclub.es\\\/pt-pt\\\/?s={search_term_string}\"},\"query-input\":{\"@type\":\"PropertyValueSpecification\",\"valueRequired\":true,\"valueName\":\"search_term_string\"}}],\"inLanguage\":\"pt-PT\"},{\"@type\":\"Organization\",\"@id\":\"https:\\\/\\\/retinaclub.es\\\/pt-pt\\\/#organization\",\"name\":\"Retina Club\",\"url\":\"https:\\\/\\\/retinaclub.es\\\/pt-pt\\\/\",\"logo\":{\"@type\":\"ImageObject\",\"inLanguage\":\"pt-PT\",\"@id\":\"https:\\\/\\\/retinaclub.es\\\/pt-pt\\\/#\\\/schema\\\/logo\\\/image\\\/\",\"url\":\"https:\\\/\\\/retinaclub.es\\\/wp-content\\\/uploads\\\/2024\\\/07\\\/cropped-favicon.png\",\"contentUrl\":\"https:\\\/\\\/retinaclub.es\\\/wp-content\\\/uploads\\\/2024\\\/07\\\/cropped-favicon.png\",\"width\":512,\"height\":512,\"caption\":\"Retina Club\"},\"image\":{\"@id\":\"https:\\\/\\\/retinaclub.es\\\/pt-pt\\\/#\\\/schema\\\/logo\\\/image\\\/\"}}]}<\/script>\n<!-- \/ Yoast SEO plugin. -->","yoast_head_json":{"title":"Condi\u00e7\u00f5es de utiliza\u00e7\u00e3o - Retina Club","robots":{"index":"index","follow":"follow","max-snippet":"max-snippet:-1","max-image-preview":"max-image-preview:large","max-video-preview":"max-video-preview:-1"},"canonical":"https:\/\/retinaclub.es\/pt-pt\/condicoes-de-utilizacao\/","og_locale":"pt_PT","og_type":"article","og_title":"Condi\u00e7\u00f5es de utiliza\u00e7\u00e3o - Retina Club","og_description":"Este Web Site (o &#8220;Web Site&#8221;) \u00e9 operado pela Carl Zeiss Meditec Iberia S.A. (&#8220;Zeiss&#8221;), registada em Espanha com o CIF A28058337, no Registo Comercial de Madrid, Volume 10383, F\u00f3lio 134, P\u00e1gina M-165113, com sede social em Ronda de Poniente 5, 28760, Tres Cantos (Espanha). Para efeitos dos presentes termos de utiliza\u00e7\u00e3o, os termos &#8220;nosso&#8221;, [&hellip;]","og_url":"https:\/\/retinaclub.es\/pt-pt\/condicoes-de-utilizacao\/","og_site_name":"Retina Club","article_modified_time":"2026-02-04T14:54:54+00:00","twitter_card":"summary_large_image","twitter_misc":{"Tempo estimado de leitura":"8 minutos"},"schema":{"@context":"https:\/\/schema.org","@graph":[{"@type":"WebPage","@id":"https:\/\/retinaclub.es\/pt-pt\/condicoes-de-utilizacao\/","url":"https:\/\/retinaclub.es\/pt-pt\/condicoes-de-utilizacao\/","name":"Condi\u00e7\u00f5es de utiliza\u00e7\u00e3o - Retina Club","isPartOf":{"@id":"https:\/\/retinaclub.es\/pt-pt\/#website"},"datePublished":"2024-11-12T17:56:02+00:00","dateModified":"2026-02-04T14:54:54+00:00","breadcrumb":{"@id":"https:\/\/retinaclub.es\/pt-pt\/condicoes-de-utilizacao\/#breadcrumb"},"inLanguage":"pt-PT","potentialAction":[{"@type":"ReadAction","target":["https:\/\/retinaclub.es\/pt-pt\/condicoes-de-utilizacao\/"]}]},{"@type":"BreadcrumbList","@id":"https:\/\/retinaclub.es\/pt-pt\/condicoes-de-utilizacao\/#breadcrumb","itemListElement":[{"@type":"ListItem","position":1,"name":"Portada","item":"https:\/\/retinaclub.es\/pt-pt\/casa\/"},{"@type":"ListItem","position":2,"name":"Condi\u00e7\u00f5es de utiliza\u00e7\u00e3o"}]},{"@type":"WebSite","@id":"https:\/\/retinaclub.es\/pt-pt\/#website","url":"https:\/\/retinaclub.es\/pt-pt\/","name":"Retina Club","description":"","publisher":{"@id":"https:\/\/retinaclub.es\/pt-pt\/#organization"},"potentialAction":[{"@type":"SearchAction","target":{"@type":"EntryPoint","urlTemplate":"https:\/\/retinaclub.es\/pt-pt\/?s={search_term_string}"},"query-input":{"@type":"PropertyValueSpecification","valueRequired":true,"valueName":"search_term_string"}}],"inLanguage":"pt-PT"},{"@type":"Organization","@id":"https:\/\/retinaclub.es\/pt-pt\/#organization","name":"Retina Club","url":"https:\/\/retinaclub.es\/pt-pt\/","logo":{"@type":"ImageObject","inLanguage":"pt-PT","@id":"https:\/\/retinaclub.es\/pt-pt\/#\/schema\/logo\/image\/","url":"https:\/\/retinaclub.es\/wp-content\/uploads\/2024\/07\/cropped-favicon.png","contentUrl":"https:\/\/retinaclub.es\/wp-content\/uploads\/2024\/07\/cropped-favicon.png","width":512,"height":512,"caption":"Retina Club"},"image":{"@id":"https:\/\/retinaclub.es\/pt-pt\/#\/schema\/logo\/image\/"}}]}},"_links":{"self":[{"href":"https:\/\/retinaclub.es\/pt-pt\/wp-json\/wp\/v2\/pages\/3187","targetHints":{"allow":["GET"]}}],"collection":[{"href":"https:\/\/retinaclub.es\/pt-pt\/wp-json\/wp\/v2\/pages"}],"about":[{"href":"https:\/\/retinaclub.es\/pt-pt\/wp-json\/wp\/v2\/types\/page"}],"author":[{"embeddable":true,"href":"https:\/\/retinaclub.es\/pt-pt\/wp-json\/wp\/v2\/users\/1"}],"replies":[{"embeddable":true,"href":"https:\/\/retinaclub.es\/pt-pt\/wp-json\/wp\/v2\/comments?post=3187"}],"version-history":[{"count":1,"href":"https:\/\/retinaclub.es\/pt-pt\/wp-json\/wp\/v2\/pages\/3187\/revisions"}],"predecessor-version":[{"id":3193,"href":"https:\/\/retinaclub.es\/pt-pt\/wp-json\/wp\/v2\/pages\/3187\/revisions\/3193"}],"wp:attachment":[{"href":"https:\/\/retinaclub.es\/pt-pt\/wp-json\/wp\/v2\/media?parent=3187"}],"curies":[{"name":"wp","href":"https:\/\/api.w.org\/{rel}","templated":true}]}}