{"id":3262,"date":"2025-01-23T17:54:32","date_gmt":"2025-01-23T16:54:32","guid":{"rendered":"https:\/\/retinaclub.es\/politica-de-cookies\/"},"modified":"2026-02-04T15:55:17","modified_gmt":"2026-02-04T14:55:17","slug":"politica-de-cookies","status":"publish","type":"page","link":"https:\/\/retinaclub.es\/pt-pt\/politica-de-cookies\/","title":{"rendered":"Pol\u00edtica de cookies"},"content":{"rendered":"\n<p><strong>Cookies, rastreio de s\u00edtios Web e an\u00e1lise da Web<\/strong><\/p>\n\n<p>Utilizamos cookies e tecnologias semelhantes (a seguir designados coletivamente por &#8220;cookies&#8221;) para diferentes fins. Os cookies s\u00e3o ficheiros de texto criados automaticamente pelo teu navegador e armazenados no teu dispositivo terminal (computador, tablet, smartphone, etc.). <\/p>\n\n<p>As informa\u00e7\u00f5es podem ser armazenadas em cookies que s\u00e3o gerados em liga\u00e7\u00e3o com o dispositivo terminal em causa. O objetivo da sua utiliza\u00e7\u00e3o depende do tipo de cookie em quest\u00e3o. Os cookies dividem-se nas seguintes categorias.  <\/p>\n\n<p><strong>Cookies tecnicamente necess\u00e1rios<\/strong><\/p>\n\n<p>Os cookies tecnicamente necess\u00e1rios s\u00e3o necess\u00e1rios para as funcionalidades b\u00e1sicas de um s\u00edtio Web, por exemplo, para armazenar o teu consentimento ou recusa de utiliza\u00e7\u00e3o de cookies, sele\u00e7\u00e3o do idioma do s\u00edtio Web e afins. O tratamento de dados baseia-se no nosso interesse leg\u00edtimo nos termos do artigo 6.\u00ba, n.\u00ba 1, al\u00ednea f), do Regulamento Geral sobre a Prote\u00e7\u00e3o de Dados (RGPD). <\/p>\n\n<p><strong>Cookies estat\u00edsticos<\/strong><\/p>\n\n<p>Os cookies desta categoria registam informa\u00e7\u00f5es estat\u00edsticas sobre a sua visita, a fim de otimizar o desempenho do s\u00edtio Web com base no seu comportamento de utilizador an\u00f3nimo, como, por exemplo, quais as p\u00e1ginas Web visitadas e com que frequ\u00eancia, de que p\u00e1ginas prov\u00eam os visitantes do s\u00edtio Web, a dura\u00e7\u00e3o dos tempos de carregamento e similares. Este tratamento de dados baseia-se no teu consentimento, nos termos do artigo 6.\u00ba, n.\u00ba 1, al\u00ednea a), do RGPD. <\/p>\n\n<p><strong>Cookies funcionais<\/strong><\/p>\n\n<p>Os cookies desta categoria permitem-nos oferecer funcionalidades avan\u00e7adas. Estas funcionalidades podem ser fornecidas por n\u00f3s ou por terceiros cujos servi\u00e7os integr\u00e1mos nos nossos s\u00edtios. Se n\u00e3o autorizares a utiliza\u00e7\u00e3o destas tecnologias, alguns ou todos estes servi\u00e7os podem n\u00e3o funcionar como previsto. Os cookies funcionais s\u00e3o utilizados, por exemplo, para ativar determinadas funcionalidades do s\u00edtio Web, como a reprodu\u00e7\u00e3o de um v\u00eddeo ou a integra\u00e7\u00e3o de um servi\u00e7o de mapas. Estes cookies recolhem informa\u00e7\u00f5es an\u00f3nimas e n\u00e3o podem seguir os teus movimentos noutros s\u00edtios Web. Este tratamento de dados baseia-se no teu consentimento nos termos do artigo 6.\u00ba, n.\u00ba 1, al\u00ednea a), do RGPD.     <\/p>\n\n<p><strong>Cookies de marketing<\/strong><\/p>\n\n<p>Os cookies desta categoria ajudam-nos a personalizar a experi\u00eancia do utilizador no nosso s\u00edtio Web. Para tal, recolhemos informa\u00e7\u00f5es para compreender melhor os nossos grupos-alvo e poder oferecer-lhes conte\u00fados mais relevantes para o utilizador e adaptados aos seus interesses. Tamb\u00e9m s\u00e3o utilizados para medir a efic\u00e1cia das campanhas promocionais. Estes cookies podem rastrear o teu browser noutros s\u00edtios Web, recolher informa\u00e7\u00f5es pessoais sobre ti, bem como rastrear visitas e actividades pessoais em s\u00edtios Web para a defini\u00e7\u00e3o de perfis personalizados. Os dados podem ser partilhados com terceiros, como anunciantes, e utilizados para apresentar an\u00fancios direcionados. Este tratamento de dados baseia-se no teu consentimento, em conformidade com o artigo 6.\u00ba, n.\u00ba 1, al\u00ednea a), do RGPD.     <\/p>\n\n<p><strong>Cookies de redes sociais<\/strong><\/p>\n\n<p>Estes tipos de cookies s\u00e3o utilizados por alguns servi\u00e7os de redes sociais que adicion\u00e1mos ao nosso s\u00edtio Web para te permitir partilhar conte\u00fados com os teus amigos e redes. Estes cookies podem seguir o teu browser noutros s\u00edtios Web e criar um perfil dos teus interesses. Isto pode ter impacto no conte\u00fado e nas mensagens que v\u00eas noutros s\u00edtios Web que visitas. Se n\u00e3o autorizares a utiliza\u00e7\u00e3o destes cookies, poder\u00e1s n\u00e3o conseguir utilizar ou visualizar estas ferramentas de partilha. Este tratamento de dados baseia-se no teu consentimento, em conformidade com o artigo 6.\u00ba, n.\u00ba 1, al\u00ednea a), do RGPD.    <\/p>\n","protected":false},"excerpt":{"rendered":"<p>Cookies, rastreio de s\u00edtios Web e an\u00e1lise da Web Utilizamos cookies e tecnologias semelhantes (a seguir designados coletivamente por &#8220;cookies&#8221;) para diferentes fins. Os cookies s\u00e3o ficheiros de texto criados automaticamente pelo teu navegador e armazenados no teu dispositivo terminal (computador, tablet, smartphone, etc.). As informa\u00e7\u00f5es podem ser armazenadas em cookies que s\u00e3o gerados em [&hellip;]<\/p>\n","protected":false},"author":1,"featured_media":0,"parent":0,"menu_order":0,"comment_status":"closed","ping_status":"closed","template":"","meta":{"footnotes":""},"class_list":["post-3262","page","type-page","status-publish","hentry"],"yoast_head":"<!-- This site is optimized with the Yoast SEO plugin v27.4 - https:\/\/yoast.com\/product\/yoast-seo-wordpress\/ -->\n<title>Pol\u00edtica de cookies - Retina Club<\/title>\n<meta name=\"robots\" content=\"index, follow, max-snippet:-1, max-image-preview:large, max-video-preview:-1\" \/>\n<link rel=\"canonical\" href=\"https:\/\/retinaclub.es\/pt-pt\/politica-de-cookies\/\" \/>\n<meta property=\"og:locale\" content=\"pt_PT\" \/>\n<meta property=\"og:type\" content=\"article\" \/>\n<meta property=\"og:title\" content=\"Pol\u00edtica de cookies - Retina Club\" \/>\n<meta property=\"og:description\" content=\"Cookies, rastreio de s\u00edtios Web e an\u00e1lise da Web Utilizamos cookies e tecnologias semelhantes (a seguir designados coletivamente por &#8220;cookies&#8221;) para diferentes fins. Os cookies s\u00e3o ficheiros de texto criados automaticamente pelo teu navegador e armazenados no teu dispositivo terminal (computador, tablet, smartphone, etc.). As informa\u00e7\u00f5es podem ser armazenadas em cookies que s\u00e3o gerados em [&hellip;]\" \/>\n<meta property=\"og:url\" content=\"https:\/\/retinaclub.es\/pt-pt\/politica-de-cookies\/\" \/>\n<meta property=\"og:site_name\" content=\"Retina Club\" \/>\n<meta property=\"article:modified_time\" content=\"2026-02-04T14:55:17+00:00\" \/>\n<meta name=\"twitter:card\" content=\"summary_large_image\" \/>\n<meta name=\"twitter:label1\" content=\"Tempo estimado de leitura\" \/>\n\t<meta name=\"twitter:data1\" content=\"3 minutos\" \/>\n<script type=\"application\/ld+json\" class=\"yoast-schema-graph\">{\"@context\":\"https:\\\/\\\/schema.org\",\"@graph\":[{\"@type\":\"WebPage\",\"@id\":\"https:\\\/\\\/retinaclub.es\\\/pt-pt\\\/politica-de-cookies\\\/\",\"url\":\"https:\\\/\\\/retinaclub.es\\\/pt-pt\\\/politica-de-cookies\\\/\",\"name\":\"Pol\u00edtica de cookies - Retina Club\",\"isPartOf\":{\"@id\":\"https:\\\/\\\/retinaclub.es\\\/pt-pt\\\/#website\"},\"datePublished\":\"2025-01-23T16:54:32+00:00\",\"dateModified\":\"2026-02-04T14:55:17+00:00\",\"breadcrumb\":{\"@id\":\"https:\\\/\\\/retinaclub.es\\\/pt-pt\\\/politica-de-cookies\\\/#breadcrumb\"},\"inLanguage\":\"pt-PT\",\"potentialAction\":[{\"@type\":\"ReadAction\",\"target\":[\"https:\\\/\\\/retinaclub.es\\\/pt-pt\\\/politica-de-cookies\\\/\"]}]},{\"@type\":\"BreadcrumbList\",\"@id\":\"https:\\\/\\\/retinaclub.es\\\/pt-pt\\\/politica-de-cookies\\\/#breadcrumb\",\"itemListElement\":[{\"@type\":\"ListItem\",\"position\":1,\"name\":\"Portada\",\"item\":\"https:\\\/\\\/retinaclub.es\\\/pt-pt\\\/casa\\\/\"},{\"@type\":\"ListItem\",\"position\":2,\"name\":\"Pol\u00edtica de cookies\"}]},{\"@type\":\"WebSite\",\"@id\":\"https:\\\/\\\/retinaclub.es\\\/pt-pt\\\/#website\",\"url\":\"https:\\\/\\\/retinaclub.es\\\/pt-pt\\\/\",\"name\":\"Retina Club\",\"description\":\"\",\"publisher\":{\"@id\":\"https:\\\/\\\/retinaclub.es\\\/pt-pt\\\/#organization\"},\"potentialAction\":[{\"@type\":\"SearchAction\",\"target\":{\"@type\":\"EntryPoint\",\"urlTemplate\":\"https:\\\/\\\/retinaclub.es\\\/pt-pt\\\/?s={search_term_string}\"},\"query-input\":{\"@type\":\"PropertyValueSpecification\",\"valueRequired\":true,\"valueName\":\"search_term_string\"}}],\"inLanguage\":\"pt-PT\"},{\"@type\":\"Organization\",\"@id\":\"https:\\\/\\\/retinaclub.es\\\/pt-pt\\\/#organization\",\"name\":\"Retina Club\",\"url\":\"https:\\\/\\\/retinaclub.es\\\/pt-pt\\\/\",\"logo\":{\"@type\":\"ImageObject\",\"inLanguage\":\"pt-PT\",\"@id\":\"https:\\\/\\\/retinaclub.es\\\/pt-pt\\\/#\\\/schema\\\/logo\\\/image\\\/\",\"url\":\"https:\\\/\\\/retinaclub.es\\\/wp-content\\\/uploads\\\/2024\\\/07\\\/cropped-favicon.png\",\"contentUrl\":\"https:\\\/\\\/retinaclub.es\\\/wp-content\\\/uploads\\\/2024\\\/07\\\/cropped-favicon.png\",\"width\":512,\"height\":512,\"caption\":\"Retina Club\"},\"image\":{\"@id\":\"https:\\\/\\\/retinaclub.es\\\/pt-pt\\\/#\\\/schema\\\/logo\\\/image\\\/\"}}]}<\/script>\n<!-- \/ Yoast SEO plugin. -->","yoast_head_json":{"title":"Pol\u00edtica de cookies - Retina Club","robots":{"index":"index","follow":"follow","max-snippet":"max-snippet:-1","max-image-preview":"max-image-preview:large","max-video-preview":"max-video-preview:-1"},"canonical":"https:\/\/retinaclub.es\/pt-pt\/politica-de-cookies\/","og_locale":"pt_PT","og_type":"article","og_title":"Pol\u00edtica de cookies - Retina Club","og_description":"Cookies, rastreio de s\u00edtios Web e an\u00e1lise da Web Utilizamos cookies e tecnologias semelhantes (a seguir designados coletivamente por &#8220;cookies&#8221;) para diferentes fins. Os cookies s\u00e3o ficheiros de texto criados automaticamente pelo teu navegador e armazenados no teu dispositivo terminal (computador, tablet, smartphone, etc.). As informa\u00e7\u00f5es podem ser armazenadas em cookies que s\u00e3o gerados em [&hellip;]","og_url":"https:\/\/retinaclub.es\/pt-pt\/politica-de-cookies\/","og_site_name":"Retina Club","article_modified_time":"2026-02-04T14:55:17+00:00","twitter_card":"summary_large_image","twitter_misc":{"Tempo estimado de leitura":"3 minutos"},"schema":{"@context":"https:\/\/schema.org","@graph":[{"@type":"WebPage","@id":"https:\/\/retinaclub.es\/pt-pt\/politica-de-cookies\/","url":"https:\/\/retinaclub.es\/pt-pt\/politica-de-cookies\/","name":"Pol\u00edtica de cookies - Retina Club","isPartOf":{"@id":"https:\/\/retinaclub.es\/pt-pt\/#website"},"datePublished":"2025-01-23T16:54:32+00:00","dateModified":"2026-02-04T14:55:17+00:00","breadcrumb":{"@id":"https:\/\/retinaclub.es\/pt-pt\/politica-de-cookies\/#breadcrumb"},"inLanguage":"pt-PT","potentialAction":[{"@type":"ReadAction","target":["https:\/\/retinaclub.es\/pt-pt\/politica-de-cookies\/"]}]},{"@type":"BreadcrumbList","@id":"https:\/\/retinaclub.es\/pt-pt\/politica-de-cookies\/#breadcrumb","itemListElement":[{"@type":"ListItem","position":1,"name":"Portada","item":"https:\/\/retinaclub.es\/pt-pt\/casa\/"},{"@type":"ListItem","position":2,"name":"Pol\u00edtica de cookies"}]},{"@type":"WebSite","@id":"https:\/\/retinaclub.es\/pt-pt\/#website","url":"https:\/\/retinaclub.es\/pt-pt\/","name":"Retina Club","description":"","publisher":{"@id":"https:\/\/retinaclub.es\/pt-pt\/#organization"},"potentialAction":[{"@type":"SearchAction","target":{"@type":"EntryPoint","urlTemplate":"https:\/\/retinaclub.es\/pt-pt\/?s={search_term_string}"},"query-input":{"@type":"PropertyValueSpecification","valueRequired":true,"valueName":"search_term_string"}}],"inLanguage":"pt-PT"},{"@type":"Organization","@id":"https:\/\/retinaclub.es\/pt-pt\/#organization","name":"Retina Club","url":"https:\/\/retinaclub.es\/pt-pt\/","logo":{"@type":"ImageObject","inLanguage":"pt-PT","@id":"https:\/\/retinaclub.es\/pt-pt\/#\/schema\/logo\/image\/","url":"https:\/\/retinaclub.es\/wp-content\/uploads\/2024\/07\/cropped-favicon.png","contentUrl":"https:\/\/retinaclub.es\/wp-content\/uploads\/2024\/07\/cropped-favicon.png","width":512,"height":512,"caption":"Retina Club"},"image":{"@id":"https:\/\/retinaclub.es\/pt-pt\/#\/schema\/logo\/image\/"}}]}},"_links":{"self":[{"href":"https:\/\/retinaclub.es\/pt-pt\/wp-json\/wp\/v2\/pages\/3262","targetHints":{"allow":["GET"]}}],"collection":[{"href":"https:\/\/retinaclub.es\/pt-pt\/wp-json\/wp\/v2\/pages"}],"about":[{"href":"https:\/\/retinaclub.es\/pt-pt\/wp-json\/wp\/v2\/types\/page"}],"author":[{"embeddable":true,"href":"https:\/\/retinaclub.es\/pt-pt\/wp-json\/wp\/v2\/users\/1"}],"replies":[{"embeddable":true,"href":"https:\/\/retinaclub.es\/pt-pt\/wp-json\/wp\/v2\/comments?post=3262"}],"version-history":[{"count":1,"href":"https:\/\/retinaclub.es\/pt-pt\/wp-json\/wp\/v2\/pages\/3262\/revisions"}],"predecessor-version":[{"id":3263,"href":"https:\/\/retinaclub.es\/pt-pt\/wp-json\/wp\/v2\/pages\/3262\/revisions\/3263"}],"wp:attachment":[{"href":"https:\/\/retinaclub.es\/pt-pt\/wp-json\/wp\/v2\/media?parent=3262"}],"curies":[{"name":"wp","href":"https:\/\/api.w.org\/{rel}","templated":true}]}}