{"id":3268,"date":"2024-06-03T22:58:31","date_gmt":"2024-06-03T20:58:31","guid":{"rendered":"https:\/\/retinaclub.es\/politica-de-privacidade\/"},"modified":"2026-02-04T15:55:17","modified_gmt":"2026-02-04T14:55:17","slug":"politica-de-privacidade","status":"publish","type":"page","link":"https:\/\/retinaclub.es\/pt-pt\/politica-de-privacidade\/","title":{"rendered":"Pol\u00edtica de privacidade"},"content":{"rendered":"\n<h3 class=\"wp-block-heading\">Como \u00e9 que os dados s\u00e3o processados<\/h3>\n\n<p>Obrigado pela tua visita e pelo teu interesse em apoiar o projeto Retina Club. A prote\u00e7\u00e3o dos teus dados pessoais \u00e9 muito importante para n\u00f3s. Por isso, gostar\u00edamos de te informar abaixo sobre a forma como os teus dados pessoais s\u00e3o processados.  <\/p>\n\n<p>Os dados pessoais s\u00e3o dados que permitem a identifica\u00e7\u00e3o direta ou indireta de uma pessoa. N\u00e3o importa se a determina\u00e7\u00e3o pode ser feita com base numa \u00fanica pe\u00e7a de informa\u00e7\u00e3o ou com base em v\u00e1rias pe\u00e7as de informa\u00e7\u00e3o. Quanto mais informa\u00e7\u00f5es e dados puderem ser combinados, mais exacta ser\u00e1 a identifica\u00e7\u00e3o da pessoa. Os dados pessoais incluem, por exemplo, o nome, a morada, a idade ou o endere\u00e7o de correio eletr\u00f3nico, mas tamb\u00e9m dados indirectos como o endere\u00e7o IP ou o n\u00famero de seguran\u00e7a social.   <\/p>\n\n<h3 class=\"wp-block-heading\">Controlador de dados<\/h3>\n\n<p>A CARL ZEISS MEDITEC IBERIA S.A. \u00e9 respons\u00e1vel pelo tratamento e prote\u00e7\u00e3o dos teus dados pessoais.<\/p>\n\n<p>Se tiveres alguma d\u00favida sobre a prote\u00e7\u00e3o de dados ou quest\u00f5es relacionadas com o processamento dos teus dados pessoais ou com o exerc\u00edcio dos teus direitos, contacta a ZEISS atrav\u00e9s do seguinte endere\u00e7o, n\u00famero de telefone ou endere\u00e7o de e-mail:<\/p>\n\n<p>Endere\u00e7o: Ronda de Poniente 5, 28760, Tres Cantos, Madrid<\/p>\n\n<p>Telefone: 912033700<\/p>\n\n<p>Correio: <a href=\"mailto:bajadatospersonales.iberia.es@zeiss.com\">bajadatospersonales.iberia.es@zeiss.com<\/a><\/p>\n\n<h3 class=\"wp-block-heading\">Direitos da pessoa em causa<\/h3>\n\n<p>A pessoa em causa continua a ter o controlo de todos os dados pessoais que fornece quando visita o s\u00edtio Web ou utiliza os servi\u00e7os. O titular dos dados tem os seguintes direitos, que podem ser exercidos gratuitamente. <\/p>\n\n<p>Direito de acesso<\/p>\n\n<p>O direito de obter informa\u00e7\u00f5es sobre os dados pessoais armazenados em qualquer altura. Tens o direito de saber para que fins s\u00e3o tratados os dados pessoais, durante quanto tempo s\u00e3o tratados (ver <a href=\"https:\/\/www.zeiss.es\/proteccion-de-datos\/home.html?vaURL=www.zeiss.es\/privacy#storage-duration\">Dura\u00e7\u00e3o da conserva\u00e7\u00e3o<\/a>) e a quem s\u00e3o divulgados, se for caso disso (ver <a href=\"https:\/\/www.zeiss.es\/proteccion-de-datos\/home.html?vaURL=www.zeiss.es\/privacy#data-categories\">Categorias de dados<\/a>). A identidade do requerente deve ser previamente verificada antes de poderem ser fornecidas informa\u00e7\u00f5es.  <\/p>\n\n<p>2. Direito de revoga\u00e7\u00e3o\/oposi\u00e7\u00e3o<\/p>\n\n<p>Se tiveres dado o teu consentimento para um determinado tratamento de dados, tens o direito de retirar esse consentimento a qualquer momento, com efeitos para o futuro.<\/p>\n\n<p>Se os dados pessoais forem tratados no contexto de uma pondera\u00e7\u00e3o de interesses devido a um interesse leg\u00edtimo superior, o titular dos dados tem o direito de se opor a esse tratamento em qualquer altura, com efeitos para o futuro.<\/p>\n\n<p>3. Direito \u00e0 portabilidade dos dados<\/p>\n\n<p>O direito de solicitar a transfer\u00eancia de dados pessoais para outra entidade.<\/p>\n\n<p>4. Direito de retifica\u00e7\u00e3o, apagamento ou limita\u00e7\u00e3o do tratamento.<\/p>\n\n<p>Tens o direito de obter a retifica\u00e7\u00e3o dos dados e de os completar com uma declara\u00e7\u00e3o suplementar; tens tamb\u00e9m o direito de obter a elimina\u00e7\u00e3o dos dados, se j\u00e1 n\u00e3o forem necess\u00e1rios para os fins para que foram recolhidos, ou o direito de obter a limita\u00e7\u00e3o do tratamento desses dados.<\/p>\n\n<p>5. Direito de reclama\u00e7\u00e3o<\/p>\n\n<p>O direito de apresentar uma queixa a uma autoridade de controlo ou ao respons\u00e1vel pela prote\u00e7\u00e3o de dados, na medida em que tenhas motivos para o fazer. Para fazer valer os teus direitos contra a empresa, contacta a pessoa de contacto indicada no in\u00edcio desta nota sobre a prote\u00e7\u00e3o de dados. <\/p>\n\n<h3 class=\"wp-block-heading\">Categorias de dados e destinat\u00e1rios dos dados<\/h3>\n\n<p>1) Que categorias de dados s\u00e3o utilizadas?<\/p>\n\n<p>As categorias de dados pessoais processados incluem, mas n\u00e3o se limitam a, as seguintes:<\/p>\n\n<ul class=\"wp-block-list\">\n<li>As tuas informa\u00e7\u00f5es de contacto, por exemplo, nome pr\u00f3prio e apelido, morada, n\u00famero(s) de telefone, endere\u00e7o de correio eletr\u00f3nico, etc.<\/li>\n\n\n\n<li>Informa\u00e7\u00f5es profissionais, por exemplo, local de trabalho, t\u00edtulo profissional, n\u00famero de membro, historial profissional, etc.<\/li>\n\n\n\n<li>A tua imagem, se fornecida por ti.<\/li>\n<\/ul>\n\n<p>\u00c9 necess\u00e1rio chamar a aten\u00e7\u00e3o para o facto de que, no \u00e2mbito da respectiva rela\u00e7\u00e3o contratual, o sujeito deve fornecer os dados pessoais e relativos ao local de trabalho que s\u00e3o necess\u00e1rios para o estabelecimento, execu\u00e7\u00e3o e cessa\u00e7\u00e3o da rela\u00e7\u00e3o contratual ou promessa de execu\u00e7\u00e3o e respetivo cumprimento, ou os dados que somos legalmente obrigados a recolher.<\/p>\n\n<p>2. Destinat\u00e1rios dos dados pessoais<\/p>\n\n<p>Na medida do necess\u00e1rio, o acesso aos dados pessoais \u00e9 concedido aos servi\u00e7os que dele necessitem para o desempenho das suas fun\u00e7\u00f5es.<\/p>\n\n<p>Al\u00e9m disso, os dados pessoais podem ser divulgados a prestadores de servi\u00e7os para a presta\u00e7\u00e3o de servi\u00e7os \u00e0 nossa empresa ou a ti em nosso nome. Trata-se de parceiros cuidadosamente selecionados que prestam servi\u00e7os. Estes prestadores de servi\u00e7os, designados por subcontratantes, processam os dados pessoais em nome da empresa e de acordo com determinadas instru\u00e7\u00f5es. Espera-se que cada prestador de servi\u00e7os utilize medidas de seguran\u00e7a razo\u00e1veis, adequadas \u00e0 natureza das informa\u00e7\u00f5es em quest\u00e3o, para proteger os teus dados pessoais contra o acesso, a utiliza\u00e7\u00e3o ou a divulga\u00e7\u00e3o n\u00e3o autorizados. Os prestadores de servi\u00e7os est\u00e3o proibidos de utilizar as informa\u00e7\u00f5es pessoais que lhes fornecemos de outras formas que n\u00e3o as instru\u00eddas por n\u00f3s.    <\/p>\n\n<p>3. transfer\u00eancias para pa\u00edses terceiros ou organiza\u00e7\u00f5es internacionais<\/p>\n\n<p>As transfer\u00eancias para pa\u00edses fora da Uni\u00e3o Europeia ou do Espa\u00e7o Econ\u00f3mico Europeu (&#8220;pa\u00edses terceiros&#8221;) s\u00f3 t\u00eam lugar na medida do necess\u00e1rio para a respectiva finalidade. Antes de qualquer transfer\u00eancia de dados pessoais para subcontratantes ou terceiros em pa\u00edses terceiros, \u00e9 necess\u00e1rio verificar\/assegurar que existe um mecanismo de transfer\u00eancia em conformidade com o Regulamento Geral de Prote\u00e7\u00e3o de Dados da UE (RGPD): <\/p>\n\n<ul class=\"wp-block-list\">\n<li>No caso de pa\u00edses terceiros seguros, a transfer\u00eancia de dados \u00e9 abrangida por uma decis\u00e3o de adequa\u00e7\u00e3o.<\/li>\n\n\n\n<li>Se os dados forem transferidos para pa\u00edses terceiros n\u00e3o seguros, esta transfer\u00eancia de dados ser\u00e1 abrangida por cl\u00e1usulas contratuais-tipo.<\/li>\n<\/ul>\n\n<h3 class=\"wp-block-heading\">Dura\u00e7\u00e3o da armazenagem<\/h3>\n\n<ul class=\"wp-block-list\">\n<li>Os dados pessoais ser\u00e3o apagados logo que deixem de ser necess\u00e1rios para a respectiva finalidade. A lei estipula um per\u00edodo durante o qual os dados devem ser armazenados. Dependendo da base legal, este per\u00edodo \u00e9 normalmente de 6 a 10 anos.  <\/li>\n\n\n\n<li>Al\u00e9m disso, os dados ser\u00e3o conservados at\u00e9 ao termo dos prazos de prescri\u00e7\u00e3o legais, normalmente 3 anos, na medida em que tal seja necess\u00e1rio para a formula\u00e7\u00e3o, o exerc\u00edcio ou a defesa de ac\u00e7\u00f5es judiciais. Posteriormente, os dados relevantes ser\u00e3o rotineiramente eliminados se j\u00e1 n\u00e3o forem necess\u00e1rios para os fins para os quais foram recolhidos. <\/li>\n<\/ul>\n\n<h3 class=\"wp-block-heading\">Tomada de decis\u00f5es automatizada, incluindo a defini\u00e7\u00e3o de perfis<\/h3>\n\n<p>Os dados pessoais recolhidos, por exemplo, em s\u00edtios Web e que ajudam a compreender os interesses dos clientes ou potenciais clientes podem ser utilizados para fins de personaliza\u00e7\u00e3o, a fim de fornecer conte\u00fados e informa\u00e7\u00f5es relevantes. N\u00e3o ser\u00e3o tomadas decis\u00f5es automatizadas com base nesses dados recolhidos. <\/p>\n\n<p>\u00c9 poss\u00edvel apresentar uma obje\u00e7\u00e3o informal a este tipo de utiliza\u00e7\u00e3o, sem necessidade de fundamenta\u00e7\u00e3o, a qualquer momento, com efeitos para o futuro. Utiliza o formul\u00e1rio de contacto no final desta p\u00e1gina. <\/p>\n\n<h3 class=\"wp-block-heading\">Finalidades do tratamento de dados pessoais<\/h3>\n\n<p>Os dados pessoais s\u00f3 ser\u00e3o recolhidos e processados se tiveres dado o teu consentimento ou se tal for permitido ou exigido por outras disposi\u00e7\u00f5es legais. Geralmente, obtemos estes dados de duas formas: ou s\u00e3o fornecidos pelo indiv\u00edduo, ou a empresa recolhe-os quando os seus produtos e servi\u00e7os s\u00e3o utilizados. <\/p>\n\n<p>Para alguns servi\u00e7os em nossos sites, \u00e9 necess\u00e1rio coletar dados pessoais. A base legal para esse processamento de dados \u00e9 o seu consentimento, de acordo com o Artigo 6(1)(a) do GDPR, ou a salvaguarda dos interesses leg\u00edtimos da ZEISS, de acordo com o Artigo 6(1)(f) do GDPR. <\/p>\n\n<p>Regra geral, podes utilizar o nosso s\u00edtio Web sem nos forneceres quaisquer informa\u00e7\u00f5es pessoais. As excep\u00e7\u00f5es s\u00e3o os chamados cookies tecnicamente necess\u00e1rios, que s\u00e3o necess\u00e1rios para podermos oferecer determinadas funcionalidades. Podes encontrar mais informa\u00e7\u00f5es na sec\u00e7\u00e3o &#8220;Utiliza\u00e7\u00e3o de cookies&#8221;.  <\/p>\n\n<p>Para carregar um caso no nosso s\u00edtio Web, pedimos-te informa\u00e7\u00f5es pessoais, como o teu nome e endere\u00e7o de correio eletr\u00f3nico, para podermos contactar-te, embora possamos recolher outros dados de contacto, como o n\u00famero de telefone ou a morada, e outras informa\u00e7\u00f5es para nos ajudar a contactar-te e a publicar o caso com os teus dados de autor e criar um registo p\u00fablico de coautor para ti na sec\u00e7\u00e3o relevante do s\u00edtio Web. A base legal para o processamento de dados \u00e9 o teu consentimento, de acordo com o Artigo 6(1)(a) do GDPR. <\/p>\n\n<p>Se tiveres alguma d\u00favida sobre uma ou mais das finalidades do tratamento, n\u00e3o hesites em contactar-nos.<\/p>\n\n<h3 class=\"wp-block-heading\"><u>Utiliza\u00e7\u00e3o de cookies<\/u><\/h3>\n\n<p><strong>Cookies, rastreio de s\u00edtios Web e an\u00e1lise da Web<\/strong><\/p>\n\n<p>Utilizamos cookies e tecnologias semelhantes (a seguir designados coletivamente por &#8220;cookies&#8221;) para diferentes fins. Os cookies s\u00e3o ficheiros de texto criados automaticamente pelo teu navegador e armazenados no teu dispositivo terminal (computador, tablet, smartphone, etc.). <\/p>\n\n<p>As informa\u00e7\u00f5es podem ser armazenadas em cookies que s\u00e3o gerados em liga\u00e7\u00e3o com o dispositivo terminal em causa. O objetivo da sua utiliza\u00e7\u00e3o depende do tipo de cookie em quest\u00e3o. Os cookies dividem-se nas seguintes categorias.  <\/p>\n\n<p><strong>Cookies tecnicamente necess\u00e1rios<\/strong><\/p>\n\n<p>Os cookies tecnicamente necess\u00e1rios s\u00e3o necess\u00e1rios para as funcionalidades b\u00e1sicas de um s\u00edtio Web, por exemplo, para armazenar o teu consentimento ou recusa de utiliza\u00e7\u00e3o de cookies, sele\u00e7\u00e3o do idioma do s\u00edtio Web e afins. O tratamento de dados baseia-se no nosso interesse leg\u00edtimo nos termos do artigo 6.\u00ba, n.\u00ba 1, al\u00ednea f), do Regulamento Geral sobre a Prote\u00e7\u00e3o de Dados (RGPD). <\/p>\n\n<p><strong>Cookies estat\u00edsticos<\/strong><\/p>\n\n<p>Os cookies desta categoria registam informa\u00e7\u00f5es estat\u00edsticas sobre a sua visita, a fim de otimizar o desempenho do s\u00edtio Web com base no seu comportamento de utilizador an\u00f3nimo, como, por exemplo, quais as p\u00e1ginas Web visitadas e com que frequ\u00eancia, de que p\u00e1ginas prov\u00eam os visitantes do s\u00edtio Web, a dura\u00e7\u00e3o dos tempos de carregamento e similares. Este tratamento de dados baseia-se no teu consentimento, nos termos do artigo 6.\u00ba, n.\u00ba 1, al\u00ednea a), do RGPD. <\/p>\n\n<p><strong>Cookies funcionais<\/strong><\/p>\n\n<p>Os cookies desta categoria permitem-nos oferecer funcionalidades avan\u00e7adas. Estas funcionalidades podem ser fornecidas por n\u00f3s ou por terceiros cujos servi\u00e7os integr\u00e1mos nos nossos s\u00edtios. Se n\u00e3o autorizares a utiliza\u00e7\u00e3o destas tecnologias, alguns ou todos estes servi\u00e7os podem n\u00e3o funcionar como previsto. Os cookies funcionais s\u00e3o utilizados, por exemplo, para ativar determinadas funcionalidades do s\u00edtio Web, como a reprodu\u00e7\u00e3o de um v\u00eddeo ou a integra\u00e7\u00e3o de um servi\u00e7o de mapas. Estes cookies recolhem informa\u00e7\u00f5es an\u00f3nimas e n\u00e3o podem seguir os teus movimentos noutros s\u00edtios Web. Este tratamento de dados baseia-se no teu consentimento nos termos do artigo 6.\u00ba, n.\u00ba 1, al\u00ednea a), do RGPD.     <\/p>\n\n<p><strong>Cookies de marketing<\/strong><\/p>\n\n<p>Os cookies desta categoria ajudam-nos a personalizar a experi\u00eancia do utilizador no nosso s\u00edtio Web. Para tal, recolhemos informa\u00e7\u00f5es para compreender melhor os nossos grupos-alvo e poder oferecer-lhes conte\u00fados mais relevantes para o utilizador e adaptados aos seus interesses. Tamb\u00e9m s\u00e3o utilizados para medir a efic\u00e1cia das campanhas promocionais. Estes cookies podem rastrear o teu browser noutros s\u00edtios Web, recolher informa\u00e7\u00f5es pessoais sobre ti, bem como rastrear visitas e actividades pessoais em s\u00edtios Web para a defini\u00e7\u00e3o de perfis personalizados. Os dados podem ser partilhados com terceiros, como anunciantes, e utilizados para apresentar an\u00fancios direcionados. Este tratamento de dados baseia-se no teu consentimento, em conformidade com o artigo 6.\u00ba, n.\u00ba 1, al\u00ednea a), do RGPD.     <\/p>\n\n<p><strong>Cookies de redes sociais<\/strong><\/p>\n\n<p>Estes tipos de cookies s\u00e3o utilizados por alguns servi\u00e7os de redes sociais que adicion\u00e1mos ao nosso s\u00edtio Web para te permitir partilhar conte\u00fados com os teus amigos e redes. Estes cookies podem seguir o teu browser noutros s\u00edtios Web e criar um perfil dos teus interesses. Isto pode ter impacto no conte\u00fado e nas mensagens que v\u00eas noutros s\u00edtios Web que visitas. Se n\u00e3o autorizares a utiliza\u00e7\u00e3o destes cookies, poder\u00e1s n\u00e3o conseguir utilizar ou visualizar estas ferramentas de partilha. Este tratamento de dados baseia-se no teu consentimento, em conformidade com o artigo 6.\u00ba, n.\u00ba 1, al\u00ednea a), do RGPD.    <\/p>\n\n<hr class=\"wp-block-separator has-alpha-channel-opacity\"\/>\n\n<p><\/p>\n","protected":false},"excerpt":{"rendered":"<p>Como \u00e9 que os dados s\u00e3o processados Obrigado pela tua visita e pelo teu interesse em apoiar o projeto Retina Club. A prote\u00e7\u00e3o dos teus dados pessoais \u00e9 muito importante para n\u00f3s. Por isso, gostar\u00edamos de te informar abaixo sobre a forma como os teus dados pessoais s\u00e3o processados. Os dados pessoais s\u00e3o dados que [&hellip;]<\/p>\n","protected":false},"author":1,"featured_media":0,"parent":0,"menu_order":0,"comment_status":"closed","ping_status":"open","template":"","meta":{"footnotes":""},"class_list":["post-3268","page","type-page","status-publish","hentry"],"yoast_head":"<!-- This site is optimized with the Yoast SEO plugin v27.4 - https:\/\/yoast.com\/product\/yoast-seo-wordpress\/ -->\n<title>Pol\u00edtica de privacidade - Retina Club<\/title>\n<meta name=\"robots\" content=\"index, follow, max-snippet:-1, max-image-preview:large, max-video-preview:-1\" \/>\n<link rel=\"canonical\" href=\"https:\/\/retinaclub.es\/pt-pt\/politica-de-privacidade\/\" \/>\n<meta property=\"og:locale\" content=\"pt_PT\" \/>\n<meta property=\"og:type\" content=\"article\" \/>\n<meta property=\"og:title\" content=\"Pol\u00edtica de privacidade - Retina Club\" \/>\n<meta property=\"og:description\" content=\"Como \u00e9 que os dados s\u00e3o processados Obrigado pela tua visita e pelo teu interesse em apoiar o projeto Retina Club. A prote\u00e7\u00e3o dos teus dados pessoais \u00e9 muito importante para n\u00f3s. Por isso, gostar\u00edamos de te informar abaixo sobre a forma como os teus dados pessoais s\u00e3o processados. Os dados pessoais s\u00e3o dados que [&hellip;]\" \/>\n<meta property=\"og:url\" content=\"https:\/\/retinaclub.es\/pt-pt\/politica-de-privacidade\/\" \/>\n<meta property=\"og:site_name\" content=\"Retina Club\" \/>\n<meta property=\"article:modified_time\" content=\"2026-02-04T14:55:17+00:00\" \/>\n<meta name=\"twitter:card\" content=\"summary_large_image\" \/>\n<meta name=\"twitter:label1\" content=\"Tempo estimado de leitura\" \/>\n\t<meta name=\"twitter:data1\" content=\"11 minutos\" \/>\n<script type=\"application\/ld+json\" class=\"yoast-schema-graph\">{\"@context\":\"https:\\\/\\\/schema.org\",\"@graph\":[{\"@type\":\"WebPage\",\"@id\":\"https:\\\/\\\/retinaclub.es\\\/pt-pt\\\/politica-de-privacidade\\\/\",\"url\":\"https:\\\/\\\/retinaclub.es\\\/pt-pt\\\/politica-de-privacidade\\\/\",\"name\":\"Pol\u00edtica de privacidade - Retina Club\",\"isPartOf\":{\"@id\":\"https:\\\/\\\/retinaclub.es\\\/pt-pt\\\/#website\"},\"datePublished\":\"2024-06-03T20:58:31+00:00\",\"dateModified\":\"2026-02-04T14:55:17+00:00\",\"breadcrumb\":{\"@id\":\"https:\\\/\\\/retinaclub.es\\\/pt-pt\\\/politica-de-privacidade\\\/#breadcrumb\"},\"inLanguage\":\"pt-PT\",\"potentialAction\":[{\"@type\":\"ReadAction\",\"target\":[\"https:\\\/\\\/retinaclub.es\\\/pt-pt\\\/politica-de-privacidade\\\/\"]}]},{\"@type\":\"BreadcrumbList\",\"@id\":\"https:\\\/\\\/retinaclub.es\\\/pt-pt\\\/politica-de-privacidade\\\/#breadcrumb\",\"itemListElement\":[{\"@type\":\"ListItem\",\"position\":1,\"name\":\"Portada\",\"item\":\"https:\\\/\\\/retinaclub.es\\\/pt-pt\\\/casa\\\/\"},{\"@type\":\"ListItem\",\"position\":2,\"name\":\"Pol\u00edtica de privacidade\"}]},{\"@type\":\"WebSite\",\"@id\":\"https:\\\/\\\/retinaclub.es\\\/pt-pt\\\/#website\",\"url\":\"https:\\\/\\\/retinaclub.es\\\/pt-pt\\\/\",\"name\":\"Retina Club\",\"description\":\"\",\"publisher\":{\"@id\":\"https:\\\/\\\/retinaclub.es\\\/pt-pt\\\/#organization\"},\"potentialAction\":[{\"@type\":\"SearchAction\",\"target\":{\"@type\":\"EntryPoint\",\"urlTemplate\":\"https:\\\/\\\/retinaclub.es\\\/pt-pt\\\/?s={search_term_string}\"},\"query-input\":{\"@type\":\"PropertyValueSpecification\",\"valueRequired\":true,\"valueName\":\"search_term_string\"}}],\"inLanguage\":\"pt-PT\"},{\"@type\":\"Organization\",\"@id\":\"https:\\\/\\\/retinaclub.es\\\/pt-pt\\\/#organization\",\"name\":\"Retina Club\",\"url\":\"https:\\\/\\\/retinaclub.es\\\/pt-pt\\\/\",\"logo\":{\"@type\":\"ImageObject\",\"inLanguage\":\"pt-PT\",\"@id\":\"https:\\\/\\\/retinaclub.es\\\/pt-pt\\\/#\\\/schema\\\/logo\\\/image\\\/\",\"url\":\"https:\\\/\\\/retinaclub.es\\\/wp-content\\\/uploads\\\/2024\\\/07\\\/cropped-favicon.png\",\"contentUrl\":\"https:\\\/\\\/retinaclub.es\\\/wp-content\\\/uploads\\\/2024\\\/07\\\/cropped-favicon.png\",\"width\":512,\"height\":512,\"caption\":\"Retina Club\"},\"image\":{\"@id\":\"https:\\\/\\\/retinaclub.es\\\/pt-pt\\\/#\\\/schema\\\/logo\\\/image\\\/\"}}]}<\/script>\n<!-- \/ Yoast SEO plugin. -->","yoast_head_json":{"title":"Pol\u00edtica de privacidade - Retina Club","robots":{"index":"index","follow":"follow","max-snippet":"max-snippet:-1","max-image-preview":"max-image-preview:large","max-video-preview":"max-video-preview:-1"},"canonical":"https:\/\/retinaclub.es\/pt-pt\/politica-de-privacidade\/","og_locale":"pt_PT","og_type":"article","og_title":"Pol\u00edtica de privacidade - Retina Club","og_description":"Como \u00e9 que os dados s\u00e3o processados Obrigado pela tua visita e pelo teu interesse em apoiar o projeto Retina Club. A prote\u00e7\u00e3o dos teus dados pessoais \u00e9 muito importante para n\u00f3s. Por isso, gostar\u00edamos de te informar abaixo sobre a forma como os teus dados pessoais s\u00e3o processados. Os dados pessoais s\u00e3o dados que [&hellip;]","og_url":"https:\/\/retinaclub.es\/pt-pt\/politica-de-privacidade\/","og_site_name":"Retina Club","article_modified_time":"2026-02-04T14:55:17+00:00","twitter_card":"summary_large_image","twitter_misc":{"Tempo estimado de leitura":"11 minutos"},"schema":{"@context":"https:\/\/schema.org","@graph":[{"@type":"WebPage","@id":"https:\/\/retinaclub.es\/pt-pt\/politica-de-privacidade\/","url":"https:\/\/retinaclub.es\/pt-pt\/politica-de-privacidade\/","name":"Pol\u00edtica de privacidade - Retina Club","isPartOf":{"@id":"https:\/\/retinaclub.es\/pt-pt\/#website"},"datePublished":"2024-06-03T20:58:31+00:00","dateModified":"2026-02-04T14:55:17+00:00","breadcrumb":{"@id":"https:\/\/retinaclub.es\/pt-pt\/politica-de-privacidade\/#breadcrumb"},"inLanguage":"pt-PT","potentialAction":[{"@type":"ReadAction","target":["https:\/\/retinaclub.es\/pt-pt\/politica-de-privacidade\/"]}]},{"@type":"BreadcrumbList","@id":"https:\/\/retinaclub.es\/pt-pt\/politica-de-privacidade\/#breadcrumb","itemListElement":[{"@type":"ListItem","position":1,"name":"Portada","item":"https:\/\/retinaclub.es\/pt-pt\/casa\/"},{"@type":"ListItem","position":2,"name":"Pol\u00edtica de privacidade"}]},{"@type":"WebSite","@id":"https:\/\/retinaclub.es\/pt-pt\/#website","url":"https:\/\/retinaclub.es\/pt-pt\/","name":"Retina Club","description":"","publisher":{"@id":"https:\/\/retinaclub.es\/pt-pt\/#organization"},"potentialAction":[{"@type":"SearchAction","target":{"@type":"EntryPoint","urlTemplate":"https:\/\/retinaclub.es\/pt-pt\/?s={search_term_string}"},"query-input":{"@type":"PropertyValueSpecification","valueRequired":true,"valueName":"search_term_string"}}],"inLanguage":"pt-PT"},{"@type":"Organization","@id":"https:\/\/retinaclub.es\/pt-pt\/#organization","name":"Retina Club","url":"https:\/\/retinaclub.es\/pt-pt\/","logo":{"@type":"ImageObject","inLanguage":"pt-PT","@id":"https:\/\/retinaclub.es\/pt-pt\/#\/schema\/logo\/image\/","url":"https:\/\/retinaclub.es\/wp-content\/uploads\/2024\/07\/cropped-favicon.png","contentUrl":"https:\/\/retinaclub.es\/wp-content\/uploads\/2024\/07\/cropped-favicon.png","width":512,"height":512,"caption":"Retina Club"},"image":{"@id":"https:\/\/retinaclub.es\/pt-pt\/#\/schema\/logo\/image\/"}}]}},"_links":{"self":[{"href":"https:\/\/retinaclub.es\/pt-pt\/wp-json\/wp\/v2\/pages\/3268","targetHints":{"allow":["GET"]}}],"collection":[{"href":"https:\/\/retinaclub.es\/pt-pt\/wp-json\/wp\/v2\/pages"}],"about":[{"href":"https:\/\/retinaclub.es\/pt-pt\/wp-json\/wp\/v2\/types\/page"}],"author":[{"embeddable":true,"href":"https:\/\/retinaclub.es\/pt-pt\/wp-json\/wp\/v2\/users\/1"}],"replies":[{"embeddable":true,"href":"https:\/\/retinaclub.es\/pt-pt\/wp-json\/wp\/v2\/comments?post=3268"}],"version-history":[{"count":1,"href":"https:\/\/retinaclub.es\/pt-pt\/wp-json\/wp\/v2\/pages\/3268\/revisions"}],"predecessor-version":[{"id":3269,"href":"https:\/\/retinaclub.es\/pt-pt\/wp-json\/wp\/v2\/pages\/3268\/revisions\/3269"}],"wp:attachment":[{"href":"https:\/\/retinaclub.es\/pt-pt\/wp-json\/wp\/v2\/media?parent=3268"}],"curies":[{"name":"wp","href":"https:\/\/api.w.org\/{rel}","templated":true}]}}